{"id":514,"date":"2012-05-09T14:28:18","date_gmt":"2012-05-09T14:28:18","guid":{"rendered":"http:\/\/174.142.46.199\/~sturomet\/?page_id=514"},"modified":"2012-05-09T14:28:18","modified_gmt":"2012-05-09T14:28:18","slug":"appliquer","status":"publish","type":"page","link":"https:\/\/sturometal.com\/en\/careers\/appliquer\/","title":{"rendered":"Appliquer"},"content":{"rendered":"<h2>Appliquer<\/h2>\n<p>Faites-nous parvenir votre r\u00e9sum\u00e9 de carri\u00e8re \u00e0 l&#8217;aide du formulaire \u00e9lectronique ci-dessous.<\/p>\n","protected":false},"excerpt":{"rendered":"<p>Appliquer Faites-nous parvenir votre r\u00e9sum\u00e9 de carri\u00e8re \u00e0 l&#8217;aide du formulaire \u00e9lectronique ci-dessous.<\/p>\n","protected":false},"author":17,"featured_media":0,"parent":444,"menu_order":0,"comment_status":"open","ping_status":"open","template":"page-apply.php","meta":{"_acf_changed":false,"footnotes":""},"class_list":["post-514","page","type-page","status-publish","hentry"],"acf":[],"yoast_head":"<!-- This site is optimized with the Yoast SEO plugin v27.5 - https:\/\/yoast.com\/product\/yoast-seo-wordpress\/ -->\n<title>Appliquer - Sturo M\u00e9tal - con\u00e7oit, fabrique et installe des structures d&#039;acier de b\u00e2timents et des structures d&#039;acier lourdes<\/title>\n<meta name=\"robots\" content=\"index, follow, max-snippet:-1, max-image-preview:large, max-video-preview:-1\" \/>\n<link rel=\"canonical\" href=\"https:\/\/sturometal.com\/en\/careers\/appliquer\/\" \/>\n<meta property=\"og:locale\" content=\"en_US\" \/>\n<meta property=\"og:type\" content=\"article\" \/>\n<meta property=\"og:title\" content=\"Appliquer - Sturo M\u00e9tal - con\u00e7oit, fabrique et installe des structures d&#039;acier de b\u00e2timents et des structures d&#039;acier lourdes\" \/>\n<meta property=\"og:description\" content=\"Appliquer Faites-nous parvenir votre r\u00e9sum\u00e9 de carri\u00e8re \u00e0 l&#8217;aide du formulaire \u00e9lectronique ci-dessous.\" \/>\n<meta property=\"og:url\" content=\"https:\/\/sturometal.com\/en\/careers\/appliquer\/\" \/>\n<meta property=\"og:site_name\" content=\"Sturo M\u00e9tal - con\u00e7oit, fabrique et installe des structures d&#039;acier de b\u00e2timents et des structures d&#039;acier lourdes\" \/>\n<script type=\"application\/ld+json\" class=\"yoast-schema-graph\">{\"@context\":\"https:\\\/\\\/schema.org\",\"@graph\":[{\"@type\":\"WebPage\",\"@id\":\"https:\\\/\\\/sturometal.com\\\/en\\\/careers\\\/appliquer\\\/\",\"url\":\"https:\\\/\\\/sturometal.com\\\/en\\\/careers\\\/appliquer\\\/\",\"name\":\"Appliquer - Sturo M\u00e9tal - con\u00e7oit, fabrique et installe des structures d&#039;acier de b\u00e2timents et des structures d&#039;acier lourdes\",\"isPartOf\":{\"@id\":\"https:\\\/\\\/sturometal.com\\\/#website\"},\"datePublished\":\"2012-05-09T14:28:18+00:00\",\"breadcrumb\":{\"@id\":\"https:\\\/\\\/sturometal.com\\\/en\\\/careers\\\/appliquer\\\/#breadcrumb\"},\"inLanguage\":\"en-US\",\"potentialAction\":[{\"@type\":\"ReadAction\",\"target\":[\"https:\\\/\\\/sturometal.com\\\/en\\\/careers\\\/appliquer\\\/\"]}]},{\"@type\":\"BreadcrumbList\",\"@id\":\"https:\\\/\\\/sturometal.com\\\/en\\\/careers\\\/appliquer\\\/#breadcrumb\",\"itemListElement\":[{\"@type\":\"ListItem\",\"position\":1,\"name\":\"Home\",\"item\":\"https:\\\/\\\/sturometal.com\\\/en\\\/\"},{\"@type\":\"ListItem\",\"position\":2,\"name\":\"Careers\",\"item\":\"https:\\\/\\\/sturometal.com\\\/en\\\/careers\\\/\"},{\"@type\":\"ListItem\",\"position\":3,\"name\":\"Appliquer\"}]},{\"@type\":\"WebSite\",\"@id\":\"https:\\\/\\\/sturometal.com\\\/#website\",\"url\":\"https:\\\/\\\/sturometal.com\\\/\",\"name\":\"Sturo M\u00e9tal - con\u00e7oit, fabrique et installe des structures d&#039;acier de b\u00e2timents et des structures d&#039;acier lourdes\",\"description\":\"\",\"potentialAction\":[{\"@type\":\"SearchAction\",\"target\":{\"@type\":\"EntryPoint\",\"urlTemplate\":\"https:\\\/\\\/sturometal.com\\\/?s={search_term_string}\"},\"query-input\":{\"@type\":\"PropertyValueSpecification\",\"valueRequired\":true,\"valueName\":\"search_term_string\"}}],\"inLanguage\":\"en-US\"}]}<\/script>\n<!-- \/ Yoast SEO plugin. -->","yoast_head_json":{"title":"Appliquer - Sturo M\u00e9tal - con\u00e7oit, fabrique et installe des structures d&#039;acier de b\u00e2timents et des structures d&#039;acier lourdes","robots":{"index":"index","follow":"follow","max-snippet":"max-snippet:-1","max-image-preview":"max-image-preview:large","max-video-preview":"max-video-preview:-1"},"canonical":"https:\/\/sturometal.com\/en\/careers\/appliquer\/","og_locale":"en_US","og_type":"article","og_title":"Appliquer - Sturo M\u00e9tal - con\u00e7oit, fabrique et installe des structures d&#039;acier de b\u00e2timents et des structures d&#039;acier lourdes","og_description":"Appliquer Faites-nous parvenir votre r\u00e9sum\u00e9 de carri\u00e8re \u00e0 l&#8217;aide du formulaire \u00e9lectronique ci-dessous.","og_url":"https:\/\/sturometal.com\/en\/careers\/appliquer\/","og_site_name":"Sturo M\u00e9tal - con\u00e7oit, fabrique et installe des structures d&#039;acier de b\u00e2timents et des structures d&#039;acier lourdes","schema":{"@context":"https:\/\/schema.org","@graph":[{"@type":"WebPage","@id":"https:\/\/sturometal.com\/en\/careers\/appliquer\/","url":"https:\/\/sturometal.com\/en\/careers\/appliquer\/","name":"Appliquer - Sturo M\u00e9tal - con\u00e7oit, fabrique et installe des structures d&#039;acier de b\u00e2timents et des structures d&#039;acier lourdes","isPartOf":{"@id":"https:\/\/sturometal.com\/#website"},"datePublished":"2012-05-09T14:28:18+00:00","breadcrumb":{"@id":"https:\/\/sturometal.com\/en\/careers\/appliquer\/#breadcrumb"},"inLanguage":"en-US","potentialAction":[{"@type":"ReadAction","target":["https:\/\/sturometal.com\/en\/careers\/appliquer\/"]}]},{"@type":"BreadcrumbList","@id":"https:\/\/sturometal.com\/en\/careers\/appliquer\/#breadcrumb","itemListElement":[{"@type":"ListItem","position":1,"name":"Home","item":"https:\/\/sturometal.com\/en\/"},{"@type":"ListItem","position":2,"name":"Careers","item":"https:\/\/sturometal.com\/en\/careers\/"},{"@type":"ListItem","position":3,"name":"Appliquer"}]},{"@type":"WebSite","@id":"https:\/\/sturometal.com\/#website","url":"https:\/\/sturometal.com\/","name":"Sturo M\u00e9tal - con\u00e7oit, fabrique et installe des structures d&#039;acier de b\u00e2timents et des structures d&#039;acier lourdes","description":"","potentialAction":[{"@type":"SearchAction","target":{"@type":"EntryPoint","urlTemplate":"https:\/\/sturometal.com\/?s={search_term_string}"},"query-input":{"@type":"PropertyValueSpecification","valueRequired":true,"valueName":"search_term_string"}}],"inLanguage":"en-US"}]}},"_links":{"self":[{"href":"https:\/\/sturometal.com\/en\/wp-json\/wp\/v2\/pages\/514","targetHints":{"allow":["GET"]}}],"collection":[{"href":"https:\/\/sturometal.com\/en\/wp-json\/wp\/v2\/pages"}],"about":[{"href":"https:\/\/sturometal.com\/en\/wp-json\/wp\/v2\/types\/page"}],"author":[{"embeddable":true,"href":"https:\/\/sturometal.com\/en\/wp-json\/wp\/v2\/users\/17"}],"replies":[{"embeddable":true,"href":"https:\/\/sturometal.com\/en\/wp-json\/wp\/v2\/comments?post=514"}],"version-history":[{"count":0,"href":"https:\/\/sturometal.com\/en\/wp-json\/wp\/v2\/pages\/514\/revisions"}],"up":[{"embeddable":true,"href":"https:\/\/sturometal.com\/en\/wp-json\/wp\/v2\/pages\/444"}],"wp:attachment":[{"href":"https:\/\/sturometal.com\/en\/wp-json\/wp\/v2\/media?parent=514"}],"curies":[{"name":"wp","href":"https:\/\/api.w.org\/{rel}","templated":true}]}}