{"id":447,"date":"2012-05-01T17:35:02","date_gmt":"2012-05-01T17:35:02","guid":{"rendered":"http:\/\/174.142.46.199\/~sturomet\/?page_id=447"},"modified":"2025-06-19T14:27:37","modified_gmt":"2025-06-19T14:27:37","slug":"contactez-nous","status":"publish","type":"page","link":"https:\/\/sturometal.com\/en\/contactez-nous\/","title":{"rendered":"Contact us"},"content":{"rendered":"<h2>Looking for a reliable supplier? You found it!<\/h2>\n<p>Nothing is more valuable than an experienced provider who shares your values. Call us or write us. We will be pleased to discuss your project.<\/p>\n<table class=\"adresse\" border=\"0\" width=\"100%\">\n<tbody>\n<tr>\n<td width=\"30%\">\n<address>600 Jean-Marchand<br \/>\nLevis (Quebec) Canada G6Y 9G6<\/address>\n<\/td>\n<td class=\"blue\" width=\"20%\">Phone:<br \/>\n(418) <strong>833-2107<\/strong><\/td>\n<td class=\"blue\" width=\"20%\"><\/td>\n<td class=\"blue\" width=\"30%\"><\/td>\n<\/tr>\n<\/tbody>\n<\/table>\n<p>General inquiry\u00a0<a href=\"mailto:info@sturometal.com\">\u00a0info@sturometal.com<\/a><br \/>\nFor a quote:\u00a0<a title=\"mailto:estimation@sturometal.com\" href=\"mailto:estimation@sturometal.com\">estimation@sturometal.com<\/a><\/p>\n<p>R.B.Q. licence: 8104-8126-42<\/p>\n<p>&nbsp;<\/p>\n<p>&nbsp;<\/p>\n","protected":false},"excerpt":{"rendered":"<p>Looking for a reliable supplier? You found it! Nothing is more valuable than an experienced provider who shares your values. Call us or write us. We will be pleased to discuss your project. 600 Jean-Marchand Levis (Quebec) Canada G6Y 9G6 Phone: (418) 833-2107 General inquiry\u00a0\u00a0info@sturometal.com For a quote:\u00a0estimation@sturometal.com R.B.Q. licence: 8104-8126-42 &nbsp; &nbsp;<\/p>\n","protected":false},"author":17,"featured_media":0,"parent":0,"menu_order":0,"comment_status":"closed","ping_status":"closed","template":"page-contact.php","meta":{"_acf_changed":false,"footnotes":""},"class_list":["post-447","page","type-page","status-publish","hentry"],"acf":[],"yoast_head":"<!-- This site is optimized with the Yoast SEO plugin v27.2 - https:\/\/yoast.com\/product\/yoast-seo-wordpress\/ -->\n<title>Contact us - Sturo M\u00e9tal - con\u00e7oit, fabrique et installe des structures d&#039;acier de b\u00e2timents et des structures d&#039;acier lourdes<\/title>\n<meta name=\"robots\" content=\"index, follow, max-snippet:-1, max-image-preview:large, max-video-preview:-1\" \/>\n<link rel=\"canonical\" href=\"https:\/\/sturometal.com\/en\/contactez-nous\/\" \/>\n<meta property=\"og:locale\" content=\"en_US\" \/>\n<meta property=\"og:type\" content=\"article\" \/>\n<meta property=\"og:title\" content=\"Contact us - Sturo M\u00e9tal - con\u00e7oit, fabrique et installe des structures d&#039;acier de b\u00e2timents et des structures d&#039;acier lourdes\" \/>\n<meta property=\"og:description\" content=\"Looking for a reliable supplier? You found it! Nothing is more valuable than an experienced provider who shares your values. Call us or write us. We will be pleased to discuss your project. 600 Jean-Marchand Levis (Quebec) Canada G6Y 9G6 Phone: (418) 833-2107 General inquiry\u00a0\u00a0info@sturometal.com For a quote:\u00a0estimation@sturometal.com R.B.Q. licence: 8104-8126-42 &nbsp; &nbsp;\" \/>\n<meta property=\"og:url\" content=\"https:\/\/sturometal.com\/en\/contactez-nous\/\" \/>\n<meta property=\"og:site_name\" content=\"Sturo M\u00e9tal - con\u00e7oit, fabrique et installe des structures d&#039;acier de b\u00e2timents et des structures d&#039;acier lourdes\" \/>\n<meta property=\"article:modified_time\" content=\"2025-06-19T14:27:37+00:00\" \/>\n<meta name=\"twitter:label1\" content=\"Est. reading time\" \/>\n\t<meta name=\"twitter:data1\" content=\"1 minute\" \/>\n<script type=\"application\/ld+json\" class=\"yoast-schema-graph\">{\"@context\":\"https:\/\/schema.org\",\"@graph\":[{\"@type\":\"WebPage\",\"@id\":\"https:\/\/sturometal.com\/en\/contactez-nous\/\",\"url\":\"https:\/\/sturometal.com\/en\/contactez-nous\/\",\"name\":\"Contact us - Sturo M\u00e9tal - con\u00e7oit, fabrique et installe des structures d&#039;acier de b\u00e2timents et des structures d&#039;acier lourdes\",\"isPartOf\":{\"@id\":\"https:\/\/sturometal.com\/#website\"},\"datePublished\":\"2012-05-01T17:35:02+00:00\",\"dateModified\":\"2025-06-19T14:27:37+00:00\",\"breadcrumb\":{\"@id\":\"https:\/\/sturometal.com\/en\/contactez-nous\/#breadcrumb\"},\"inLanguage\":\"en-US\",\"potentialAction\":[{\"@type\":\"ReadAction\",\"target\":[\"https:\/\/sturometal.com\/en\/contactez-nous\/\"]}]},{\"@type\":\"BreadcrumbList\",\"@id\":\"https:\/\/sturometal.com\/en\/contactez-nous\/#breadcrumb\",\"itemListElement\":[{\"@type\":\"ListItem\",\"position\":1,\"name\":\"Home\",\"item\":\"https:\/\/sturometal.com\/en\/\"},{\"@type\":\"ListItem\",\"position\":2,\"name\":\"Contact us\"}]},{\"@type\":\"WebSite\",\"@id\":\"https:\/\/sturometal.com\/#website\",\"url\":\"https:\/\/sturometal.com\/\",\"name\":\"Sturo M\u00e9tal - con\u00e7oit, fabrique et installe des structures d&#039;acier de b\u00e2timents et des structures d&#039;acier lourdes\",\"description\":\"\",\"potentialAction\":[{\"@type\":\"SearchAction\",\"target\":{\"@type\":\"EntryPoint\",\"urlTemplate\":\"https:\/\/sturometal.com\/?s={search_term_string}\"},\"query-input\":{\"@type\":\"PropertyValueSpecification\",\"valueRequired\":true,\"valueName\":\"search_term_string\"}}],\"inLanguage\":\"en-US\"}]}<\/script>\n<!-- \/ Yoast SEO plugin. -->","yoast_head_json":{"title":"Contact us - Sturo M\u00e9tal - con\u00e7oit, fabrique et installe des structures d&#039;acier de b\u00e2timents et des structures d&#039;acier lourdes","robots":{"index":"index","follow":"follow","max-snippet":"max-snippet:-1","max-image-preview":"max-image-preview:large","max-video-preview":"max-video-preview:-1"},"canonical":"https:\/\/sturometal.com\/en\/contactez-nous\/","og_locale":"en_US","og_type":"article","og_title":"Contact us - Sturo M\u00e9tal - con\u00e7oit, fabrique et installe des structures d&#039;acier de b\u00e2timents et des structures d&#039;acier lourdes","og_description":"Looking for a reliable supplier? You found it! Nothing is more valuable than an experienced provider who shares your values. Call us or write us. We will be pleased to discuss your project. 600 Jean-Marchand Levis (Quebec) Canada G6Y 9G6 Phone: (418) 833-2107 General inquiry\u00a0\u00a0info@sturometal.com For a quote:\u00a0estimation@sturometal.com R.B.Q. licence: 8104-8126-42 &nbsp; &nbsp;","og_url":"https:\/\/sturometal.com\/en\/contactez-nous\/","og_site_name":"Sturo M\u00e9tal - con\u00e7oit, fabrique et installe des structures d&#039;acier de b\u00e2timents et des structures d&#039;acier lourdes","article_modified_time":"2025-06-19T14:27:37+00:00","twitter_misc":{"Est. reading time":"1 minute"},"schema":{"@context":"https:\/\/schema.org","@graph":[{"@type":"WebPage","@id":"https:\/\/sturometal.com\/en\/contactez-nous\/","url":"https:\/\/sturometal.com\/en\/contactez-nous\/","name":"Contact us - Sturo M\u00e9tal - con\u00e7oit, fabrique et installe des structures d&#039;acier de b\u00e2timents et des structures d&#039;acier lourdes","isPartOf":{"@id":"https:\/\/sturometal.com\/#website"},"datePublished":"2012-05-01T17:35:02+00:00","dateModified":"2025-06-19T14:27:37+00:00","breadcrumb":{"@id":"https:\/\/sturometal.com\/en\/contactez-nous\/#breadcrumb"},"inLanguage":"en-US","potentialAction":[{"@type":"ReadAction","target":["https:\/\/sturometal.com\/en\/contactez-nous\/"]}]},{"@type":"BreadcrumbList","@id":"https:\/\/sturometal.com\/en\/contactez-nous\/#breadcrumb","itemListElement":[{"@type":"ListItem","position":1,"name":"Home","item":"https:\/\/sturometal.com\/en\/"},{"@type":"ListItem","position":2,"name":"Contact us"}]},{"@type":"WebSite","@id":"https:\/\/sturometal.com\/#website","url":"https:\/\/sturometal.com\/","name":"Sturo M\u00e9tal - con\u00e7oit, fabrique et installe des structures d&#039;acier de b\u00e2timents et des structures d&#039;acier lourdes","description":"","potentialAction":[{"@type":"SearchAction","target":{"@type":"EntryPoint","urlTemplate":"https:\/\/sturometal.com\/?s={search_term_string}"},"query-input":{"@type":"PropertyValueSpecification","valueRequired":true,"valueName":"search_term_string"}}],"inLanguage":"en-US"}]}},"_links":{"self":[{"href":"https:\/\/sturometal.com\/en\/wp-json\/wp\/v2\/pages\/447","targetHints":{"allow":["GET"]}}],"collection":[{"href":"https:\/\/sturometal.com\/en\/wp-json\/wp\/v2\/pages"}],"about":[{"href":"https:\/\/sturometal.com\/en\/wp-json\/wp\/v2\/types\/page"}],"author":[{"embeddable":true,"href":"https:\/\/sturometal.com\/en\/wp-json\/wp\/v2\/users\/17"}],"replies":[{"embeddable":true,"href":"https:\/\/sturometal.com\/en\/wp-json\/wp\/v2\/comments?post=447"}],"version-history":[{"count":27,"href":"https:\/\/sturometal.com\/en\/wp-json\/wp\/v2\/pages\/447\/revisions"}],"predecessor-version":[{"id":1346,"href":"https:\/\/sturometal.com\/en\/wp-json\/wp\/v2\/pages\/447\/revisions\/1346"}],"wp:attachment":[{"href":"https:\/\/sturometal.com\/en\/wp-json\/wp\/v2\/media?parent=447"}],"curies":[{"name":"wp","href":"https:\/\/api.w.org\/{rel}","templated":true}]}}