{"id":444,"date":"2012-08-15T20:32:56","date_gmt":"2012-08-15T20:32:56","guid":{"rendered":"http:\/\/174.142.46.199\/~sturomet\/?page_id=444"},"modified":"2016-04-04T19:13:39","modified_gmt":"2016-04-04T19:13:39","slug":"careers","status":"publish","type":"page","link":"https:\/\/sturometal.com\/en\/careers\/","title":{"rendered":"Careers"},"content":{"rendered":"<h3 style=\"text-align: left;\">We are pleased to note\u00a0your interest for our company.<\/h3>\n<p style=\"text-align: left;\">Do you know that Sturo Metal is part of Honco Group?<\/p>\n<p style=\"text-align: left;\">By <strong><a href=\"http:\/\/www.groupehonco.ca\/\" target=\"_blank\">clicking here<\/a><\/strong>, you will find all the job opportunities offered by the Group Honco (in french).<\/p>\n","protected":false},"excerpt":{"rendered":"<p>We are pleased to note\u00a0your interest for our company. Do you know that Sturo Metal is part of Honco Group? By clicking here, you will find all the job opportunities offered by the Group Honco (in french).<\/p>\n","protected":false},"author":17,"featured_media":1094,"parent":0,"menu_order":0,"comment_status":"closed","ping_status":"closed","template":"page-jobs.php","meta":{"_acf_changed":false,"footnotes":""},"class_list":["post-444","page","type-page","status-publish","has-post-thumbnail","hentry"],"acf":[],"yoast_head":"<!-- This site is optimized with the Yoast SEO plugin v27.2 - https:\/\/yoast.com\/product\/yoast-seo-wordpress\/ -->\n<title>Careers - Sturo M\u00e9tal - con\u00e7oit, fabrique et installe des structures d&#039;acier de b\u00e2timents et des structures d&#039;acier lourdes<\/title>\n<meta name=\"robots\" content=\"index, follow, max-snippet:-1, max-image-preview:large, max-video-preview:-1\" \/>\n<link rel=\"canonical\" href=\"https:\/\/sturometal.com\/en\/careers\/\" \/>\n<meta property=\"og:locale\" content=\"en_US\" \/>\n<meta property=\"og:type\" content=\"article\" \/>\n<meta property=\"og:title\" content=\"Careers - Sturo M\u00e9tal - con\u00e7oit, fabrique et installe des structures d&#039;acier de b\u00e2timents et des structures d&#039;acier lourdes\" \/>\n<meta property=\"og:description\" content=\"We are pleased to note\u00a0your interest for our company. Do you know that Sturo Metal is part of Honco Group? By clicking here, you will find all the job opportunities offered by the Group Honco (in french).\" \/>\n<meta property=\"og:url\" content=\"https:\/\/sturometal.com\/en\/careers\/\" \/>\n<meta property=\"og:site_name\" content=\"Sturo M\u00e9tal - con\u00e7oit, fabrique et installe des structures d&#039;acier de b\u00e2timents et des structures d&#039;acier lourdes\" \/>\n<meta property=\"article:modified_time\" content=\"2016-04-04T19:13:39+00:00\" \/>\n<meta property=\"og:image\" content=\"https:\/\/sturometal.com\/wp-content\/uploads\/2012\/05\/emploi.jpg\" \/>\n\t<meta property=\"og:image:width\" content=\"826\" \/>\n\t<meta property=\"og:image:height\" content=\"240\" \/>\n\t<meta property=\"og:image:type\" content=\"image\/jpeg\" \/>\n<script type=\"application\/ld+json\" class=\"yoast-schema-graph\">{\"@context\":\"https:\/\/schema.org\",\"@graph\":[{\"@type\":\"WebPage\",\"@id\":\"https:\/\/sturometal.com\/en\/careers\/\",\"url\":\"https:\/\/sturometal.com\/en\/careers\/\",\"name\":\"Careers - Sturo M\u00e9tal - con\u00e7oit, fabrique et installe des structures d&#039;acier de b\u00e2timents et des structures d&#039;acier lourdes\",\"isPartOf\":{\"@id\":\"https:\/\/sturometal.com\/#website\"},\"primaryImageOfPage\":{\"@id\":\"https:\/\/sturometal.com\/en\/careers\/#primaryimage\"},\"image\":{\"@id\":\"https:\/\/sturometal.com\/en\/careers\/#primaryimage\"},\"thumbnailUrl\":\"https:\/\/sturometal.com\/wp-content\/uploads\/2012\/05\/emploi.jpg\",\"datePublished\":\"2012-08-15T20:32:56+00:00\",\"dateModified\":\"2016-04-04T19:13:39+00:00\",\"breadcrumb\":{\"@id\":\"https:\/\/sturometal.com\/en\/careers\/#breadcrumb\"},\"inLanguage\":\"en-US\",\"potentialAction\":[{\"@type\":\"ReadAction\",\"target\":[\"https:\/\/sturometal.com\/en\/careers\/\"]}]},{\"@type\":\"ImageObject\",\"inLanguage\":\"en-US\",\"@id\":\"https:\/\/sturometal.com\/en\/careers\/#primaryimage\",\"url\":\"https:\/\/sturometal.com\/wp-content\/uploads\/2012\/05\/emploi.jpg\",\"contentUrl\":\"https:\/\/sturometal.com\/wp-content\/uploads\/2012\/05\/emploi.jpg\",\"width\":\"826\",\"height\":\"240\"},{\"@type\":\"BreadcrumbList\",\"@id\":\"https:\/\/sturometal.com\/en\/careers\/#breadcrumb\",\"itemListElement\":[{\"@type\":\"ListItem\",\"position\":1,\"name\":\"Home\",\"item\":\"https:\/\/sturometal.com\/en\/\"},{\"@type\":\"ListItem\",\"position\":2,\"name\":\"Careers\"}]},{\"@type\":\"WebSite\",\"@id\":\"https:\/\/sturometal.com\/#website\",\"url\":\"https:\/\/sturometal.com\/\",\"name\":\"Sturo M\u00e9tal - con\u00e7oit, fabrique et installe des structures d&#039;acier de b\u00e2timents et des structures d&#039;acier lourdes\",\"description\":\"\",\"potentialAction\":[{\"@type\":\"SearchAction\",\"target\":{\"@type\":\"EntryPoint\",\"urlTemplate\":\"https:\/\/sturometal.com\/?s={search_term_string}\"},\"query-input\":{\"@type\":\"PropertyValueSpecification\",\"valueRequired\":true,\"valueName\":\"search_term_string\"}}],\"inLanguage\":\"en-US\"}]}<\/script>\n<!-- \/ Yoast SEO plugin. -->","yoast_head_json":{"title":"Careers - Sturo M\u00e9tal - con\u00e7oit, fabrique et installe des structures d&#039;acier de b\u00e2timents et des structures d&#039;acier lourdes","robots":{"index":"index","follow":"follow","max-snippet":"max-snippet:-1","max-image-preview":"max-image-preview:large","max-video-preview":"max-video-preview:-1"},"canonical":"https:\/\/sturometal.com\/en\/careers\/","og_locale":"en_US","og_type":"article","og_title":"Careers - Sturo M\u00e9tal - con\u00e7oit, fabrique et installe des structures d&#039;acier de b\u00e2timents et des structures d&#039;acier lourdes","og_description":"We are pleased to note\u00a0your interest for our company. Do you know that Sturo Metal is part of Honco Group? By clicking here, you will find all the job opportunities offered by the Group Honco (in french).","og_url":"https:\/\/sturometal.com\/en\/careers\/","og_site_name":"Sturo M\u00e9tal - con\u00e7oit, fabrique et installe des structures d&#039;acier de b\u00e2timents et des structures d&#039;acier lourdes","article_modified_time":"2016-04-04T19:13:39+00:00","og_image":[{"width":826,"height":240,"url":"https:\/\/sturometal.com\/wp-content\/uploads\/2012\/05\/emploi.jpg","type":"image\/jpeg"}],"schema":{"@context":"https:\/\/schema.org","@graph":[{"@type":"WebPage","@id":"https:\/\/sturometal.com\/en\/careers\/","url":"https:\/\/sturometal.com\/en\/careers\/","name":"Careers - Sturo M\u00e9tal - con\u00e7oit, fabrique et installe des structures d&#039;acier de b\u00e2timents et des structures d&#039;acier lourdes","isPartOf":{"@id":"https:\/\/sturometal.com\/#website"},"primaryImageOfPage":{"@id":"https:\/\/sturometal.com\/en\/careers\/#primaryimage"},"image":{"@id":"https:\/\/sturometal.com\/en\/careers\/#primaryimage"},"thumbnailUrl":"https:\/\/sturometal.com\/wp-content\/uploads\/2012\/05\/emploi.jpg","datePublished":"2012-08-15T20:32:56+00:00","dateModified":"2016-04-04T19:13:39+00:00","breadcrumb":{"@id":"https:\/\/sturometal.com\/en\/careers\/#breadcrumb"},"inLanguage":"en-US","potentialAction":[{"@type":"ReadAction","target":["https:\/\/sturometal.com\/en\/careers\/"]}]},{"@type":"ImageObject","inLanguage":"en-US","@id":"https:\/\/sturometal.com\/en\/careers\/#primaryimage","url":"https:\/\/sturometal.com\/wp-content\/uploads\/2012\/05\/emploi.jpg","contentUrl":"https:\/\/sturometal.com\/wp-content\/uploads\/2012\/05\/emploi.jpg","width":"826","height":"240"},{"@type":"BreadcrumbList","@id":"https:\/\/sturometal.com\/en\/careers\/#breadcrumb","itemListElement":[{"@type":"ListItem","position":1,"name":"Home","item":"https:\/\/sturometal.com\/en\/"},{"@type":"ListItem","position":2,"name":"Careers"}]},{"@type":"WebSite","@id":"https:\/\/sturometal.com\/#website","url":"https:\/\/sturometal.com\/","name":"Sturo M\u00e9tal - con\u00e7oit, fabrique et installe des structures d&#039;acier de b\u00e2timents et des structures d&#039;acier lourdes","description":"","potentialAction":[{"@type":"SearchAction","target":{"@type":"EntryPoint","urlTemplate":"https:\/\/sturometal.com\/?s={search_term_string}"},"query-input":{"@type":"PropertyValueSpecification","valueRequired":true,"valueName":"search_term_string"}}],"inLanguage":"en-US"}]}},"_links":{"self":[{"href":"https:\/\/sturometal.com\/en\/wp-json\/wp\/v2\/pages\/444","targetHints":{"allow":["GET"]}}],"collection":[{"href":"https:\/\/sturometal.com\/en\/wp-json\/wp\/v2\/pages"}],"about":[{"href":"https:\/\/sturometal.com\/en\/wp-json\/wp\/v2\/types\/page"}],"author":[{"embeddable":true,"href":"https:\/\/sturometal.com\/en\/wp-json\/wp\/v2\/users\/17"}],"replies":[{"embeddable":true,"href":"https:\/\/sturometal.com\/en\/wp-json\/wp\/v2\/comments?post=444"}],"version-history":[{"count":26,"href":"https:\/\/sturometal.com\/en\/wp-json\/wp\/v2\/pages\/444\/revisions"}],"predecessor-version":[{"id":849,"href":"https:\/\/sturometal.com\/en\/wp-json\/wp\/v2\/pages\/444\/revisions\/849"}],"wp:featuredmedia":[{"embeddable":true,"href":"https:\/\/sturometal.com\/en\/wp-json\/wp\/v2\/media\/1094"}],"wp:attachment":[{"href":"https:\/\/sturometal.com\/en\/wp-json\/wp\/v2\/media?parent=444"}],"curies":[{"name":"wp","href":"https:\/\/api.w.org\/{rel}","templated":true}]}}