{"id":441,"date":"2012-08-15T20:31:10","date_gmt":"2012-08-15T20:31:10","guid":{"rendered":"http:\/\/174.142.46.199\/~sturomet\/?page_id=441"},"modified":"2012-10-26T18:45:35","modified_gmt":"2012-10-26T18:45:35","slug":"installation","status":"publish","type":"page","link":"https:\/\/sturometal.com\/en\/our-services\/installation\/","title":{"rendered":"Installation"},"content":{"rendered":"<h3>Sturo Metal has developed a large network of professional steel erectors who can operate in the province of Quebec, across Canada and in the United States. They satisfy high standards of reliability and reputation.<\/h3>\n<p>By choosing Sturo Metal, you choose to work with a professional and competent staff for every project given to them.<\/p>\n<p>These erectors specialize in the installation of the steel-framed structures and heavy fabricated metals manufactured by Sturo Metal.\u00a0 They are well-versed in the strict procedures and working methods of the company.\u00a0 Workers safety is addressed as a priority when carrying out erection work.<\/p>\n<p>Moreover, the installation work is performed in compliance with the best practices and to codes and specifications implemented by the industry professionals.<\/p>\n<p>&nbsp;<\/p>\n","protected":false},"excerpt":{"rendered":"<p>Sturo Metal has developed a large network of professional steel erectors who can operate in the province of Quebec, across Canada and in the United States. They satisfy high standards of reliability and reputation. By choosing Sturo Metal, you choose to work with a professional and competent staff for every project given to them. These [&hellip;]<\/p>\n","protected":false},"author":17,"featured_media":140,"parent":427,"menu_order":4,"comment_status":"open","ping_status":"open","template":"","meta":{"_acf_changed":false,"footnotes":""},"class_list":["post-441","page","type-page","status-publish","has-post-thumbnail","hentry"],"acf":[],"yoast_head":"<!-- This site is optimized with the Yoast SEO plugin v27.2 - https:\/\/yoast.com\/product\/yoast-seo-wordpress\/ -->\n<title>Installation - Sturo M\u00e9tal - con\u00e7oit, fabrique et installe des structures d&#039;acier de b\u00e2timents et des structures d&#039;acier lourdes<\/title>\n<meta name=\"robots\" content=\"index, follow, max-snippet:-1, max-image-preview:large, max-video-preview:-1\" \/>\n<link rel=\"canonical\" href=\"https:\/\/sturometal.com\/en\/our-services\/installation\/\" \/>\n<meta property=\"og:locale\" content=\"en_US\" \/>\n<meta property=\"og:type\" content=\"article\" \/>\n<meta property=\"og:title\" content=\"Installation - Sturo M\u00e9tal - con\u00e7oit, fabrique et installe des structures d&#039;acier de b\u00e2timents et des structures d&#039;acier lourdes\" \/>\n<meta property=\"og:description\" content=\"Sturo Metal has developed a large network of professional steel erectors who can operate in the province of Quebec, across Canada and in the United States. They satisfy high standards of reliability and reputation. By choosing Sturo Metal, you choose to work with a professional and competent staff for every project given to them. These [&hellip;]\" \/>\n<meta property=\"og:url\" content=\"https:\/\/sturometal.com\/en\/our-services\/installation\/\" \/>\n<meta property=\"og:site_name\" content=\"Sturo M\u00e9tal - con\u00e7oit, fabrique et installe des structures d&#039;acier de b\u00e2timents et des structures d&#039;acier lourdes\" \/>\n<meta property=\"article:modified_time\" content=\"2012-10-26T18:45:35+00:00\" \/>\n<meta property=\"og:image\" content=\"https:\/\/sturometal.com\/wp-content\/uploads\/2012\/05\/service.jpg\" \/>\n\t<meta property=\"og:image:width\" content=\"826\" \/>\n\t<meta property=\"og:image:height\" content=\"240\" \/>\n\t<meta property=\"og:image:type\" content=\"image\/jpeg\" \/>\n<meta name=\"twitter:label1\" content=\"Est. reading time\" \/>\n\t<meta name=\"twitter:data1\" content=\"1 minute\" \/>\n<script type=\"application\/ld+json\" class=\"yoast-schema-graph\">{\"@context\":\"https:\/\/schema.org\",\"@graph\":[{\"@type\":\"WebPage\",\"@id\":\"https:\/\/sturometal.com\/en\/our-services\/installation\/\",\"url\":\"https:\/\/sturometal.com\/en\/our-services\/installation\/\",\"name\":\"Installation - Sturo M\u00e9tal - con\u00e7oit, fabrique et installe des structures d&#039;acier de b\u00e2timents et des structures d&#039;acier lourdes\",\"isPartOf\":{\"@id\":\"https:\/\/sturometal.com\/#website\"},\"primaryImageOfPage\":{\"@id\":\"https:\/\/sturometal.com\/en\/our-services\/installation\/#primaryimage\"},\"image\":{\"@id\":\"https:\/\/sturometal.com\/en\/our-services\/installation\/#primaryimage\"},\"thumbnailUrl\":\"https:\/\/sturometal.com\/wp-content\/uploads\/2012\/05\/service.jpg\",\"datePublished\":\"2012-08-15T20:31:10+00:00\",\"dateModified\":\"2012-10-26T18:45:35+00:00\",\"breadcrumb\":{\"@id\":\"https:\/\/sturometal.com\/en\/our-services\/installation\/#breadcrumb\"},\"inLanguage\":\"en-US\",\"potentialAction\":[{\"@type\":\"ReadAction\",\"target\":[\"https:\/\/sturometal.com\/en\/our-services\/installation\/\"]}]},{\"@type\":\"ImageObject\",\"inLanguage\":\"en-US\",\"@id\":\"https:\/\/sturometal.com\/en\/our-services\/installation\/#primaryimage\",\"url\":\"https:\/\/sturometal.com\/wp-content\/uploads\/2012\/05\/service.jpg\",\"contentUrl\":\"https:\/\/sturometal.com\/wp-content\/uploads\/2012\/05\/service.jpg\",\"width\":\"826\",\"height\":\"240\"},{\"@type\":\"BreadcrumbList\",\"@id\":\"https:\/\/sturometal.com\/en\/our-services\/installation\/#breadcrumb\",\"itemListElement\":[{\"@type\":\"ListItem\",\"position\":1,\"name\":\"Home\",\"item\":\"https:\/\/sturometal.com\/en\/\"},{\"@type\":\"ListItem\",\"position\":2,\"name\":\"Our Services\",\"item\":\"https:\/\/sturometal.com\/en\/our-services\/\"},{\"@type\":\"ListItem\",\"position\":3,\"name\":\"Installation\"}]},{\"@type\":\"WebSite\",\"@id\":\"https:\/\/sturometal.com\/#website\",\"url\":\"https:\/\/sturometal.com\/\",\"name\":\"Sturo M\u00e9tal - con\u00e7oit, fabrique et installe des structures d&#039;acier de b\u00e2timents et des structures d&#039;acier lourdes\",\"description\":\"\",\"potentialAction\":[{\"@type\":\"SearchAction\",\"target\":{\"@type\":\"EntryPoint\",\"urlTemplate\":\"https:\/\/sturometal.com\/?s={search_term_string}\"},\"query-input\":{\"@type\":\"PropertyValueSpecification\",\"valueRequired\":true,\"valueName\":\"search_term_string\"}}],\"inLanguage\":\"en-US\"}]}<\/script>\n<!-- \/ Yoast SEO plugin. -->","yoast_head_json":{"title":"Installation - Sturo M\u00e9tal - con\u00e7oit, fabrique et installe des structures d&#039;acier de b\u00e2timents et des structures d&#039;acier lourdes","robots":{"index":"index","follow":"follow","max-snippet":"max-snippet:-1","max-image-preview":"max-image-preview:large","max-video-preview":"max-video-preview:-1"},"canonical":"https:\/\/sturometal.com\/en\/our-services\/installation\/","og_locale":"en_US","og_type":"article","og_title":"Installation - Sturo M\u00e9tal - con\u00e7oit, fabrique et installe des structures d&#039;acier de b\u00e2timents et des structures d&#039;acier lourdes","og_description":"Sturo Metal has developed a large network of professional steel erectors who can operate in the province of Quebec, across Canada and in the United States. They satisfy high standards of reliability and reputation. By choosing Sturo Metal, you choose to work with a professional and competent staff for every project given to them. These [&hellip;]","og_url":"https:\/\/sturometal.com\/en\/our-services\/installation\/","og_site_name":"Sturo M\u00e9tal - con\u00e7oit, fabrique et installe des structures d&#039;acier de b\u00e2timents et des structures d&#039;acier lourdes","article_modified_time":"2012-10-26T18:45:35+00:00","og_image":[{"width":826,"height":240,"url":"https:\/\/sturometal.com\/wp-content\/uploads\/2012\/05\/service.jpg","type":"image\/jpeg"}],"twitter_misc":{"Est. reading time":"1 minute"},"schema":{"@context":"https:\/\/schema.org","@graph":[{"@type":"WebPage","@id":"https:\/\/sturometal.com\/en\/our-services\/installation\/","url":"https:\/\/sturometal.com\/en\/our-services\/installation\/","name":"Installation - Sturo M\u00e9tal - con\u00e7oit, fabrique et installe des structures d&#039;acier de b\u00e2timents et des structures d&#039;acier lourdes","isPartOf":{"@id":"https:\/\/sturometal.com\/#website"},"primaryImageOfPage":{"@id":"https:\/\/sturometal.com\/en\/our-services\/installation\/#primaryimage"},"image":{"@id":"https:\/\/sturometal.com\/en\/our-services\/installation\/#primaryimage"},"thumbnailUrl":"https:\/\/sturometal.com\/wp-content\/uploads\/2012\/05\/service.jpg","datePublished":"2012-08-15T20:31:10+00:00","dateModified":"2012-10-26T18:45:35+00:00","breadcrumb":{"@id":"https:\/\/sturometal.com\/en\/our-services\/installation\/#breadcrumb"},"inLanguage":"en-US","potentialAction":[{"@type":"ReadAction","target":["https:\/\/sturometal.com\/en\/our-services\/installation\/"]}]},{"@type":"ImageObject","inLanguage":"en-US","@id":"https:\/\/sturometal.com\/en\/our-services\/installation\/#primaryimage","url":"https:\/\/sturometal.com\/wp-content\/uploads\/2012\/05\/service.jpg","contentUrl":"https:\/\/sturometal.com\/wp-content\/uploads\/2012\/05\/service.jpg","width":"826","height":"240"},{"@type":"BreadcrumbList","@id":"https:\/\/sturometal.com\/en\/our-services\/installation\/#breadcrumb","itemListElement":[{"@type":"ListItem","position":1,"name":"Home","item":"https:\/\/sturometal.com\/en\/"},{"@type":"ListItem","position":2,"name":"Our Services","item":"https:\/\/sturometal.com\/en\/our-services\/"},{"@type":"ListItem","position":3,"name":"Installation"}]},{"@type":"WebSite","@id":"https:\/\/sturometal.com\/#website","url":"https:\/\/sturometal.com\/","name":"Sturo M\u00e9tal - con\u00e7oit, fabrique et installe des structures d&#039;acier de b\u00e2timents et des structures d&#039;acier lourdes","description":"","potentialAction":[{"@type":"SearchAction","target":{"@type":"EntryPoint","urlTemplate":"https:\/\/sturometal.com\/?s={search_term_string}"},"query-input":{"@type":"PropertyValueSpecification","valueRequired":true,"valueName":"search_term_string"}}],"inLanguage":"en-US"}]}},"_links":{"self":[{"href":"https:\/\/sturometal.com\/en\/wp-json\/wp\/v2\/pages\/441","targetHints":{"allow":["GET"]}}],"collection":[{"href":"https:\/\/sturometal.com\/en\/wp-json\/wp\/v2\/pages"}],"about":[{"href":"https:\/\/sturometal.com\/en\/wp-json\/wp\/v2\/types\/page"}],"author":[{"embeddable":true,"href":"https:\/\/sturometal.com\/en\/wp-json\/wp\/v2\/users\/17"}],"replies":[{"embeddable":true,"href":"https:\/\/sturometal.com\/en\/wp-json\/wp\/v2\/comments?post=441"}],"version-history":[{"count":4,"href":"https:\/\/sturometal.com\/en\/wp-json\/wp\/v2\/pages\/441\/revisions"}],"predecessor-version":[{"id":630,"href":"https:\/\/sturometal.com\/en\/wp-json\/wp\/v2\/pages\/441\/revisions\/630"}],"up":[{"embeddable":true,"href":"https:\/\/sturometal.com\/en\/wp-json\/wp\/v2\/pages\/427"}],"wp:featuredmedia":[{"embeddable":true,"href":"https:\/\/sturometal.com\/en\/wp-json\/wp\/v2\/media\/140"}],"wp:attachment":[{"href":"https:\/\/sturometal.com\/en\/wp-json\/wp\/v2\/media?parent=441"}],"curies":[{"name":"wp","href":"https:\/\/api.w.org\/{rel}","templated":true}]}}