{"id":438,"date":"2012-08-15T20:29:40","date_gmt":"2012-08-15T20:29:40","guid":{"rendered":"http:\/\/174.142.46.199\/~sturomet\/?page_id=438"},"modified":"2025-05-09T12:13:33","modified_gmt":"2025-05-09T12:13:33","slug":"fabrication","status":"publish","type":"page","link":"https:\/\/sturometal.com\/en\/our-services\/fabrication\/","title":{"rendered":"Fabrication"},"content":{"rendered":"<h3>Sturo Metal ensures to manufacture quality products within the prescribed delays by joining together a remarkable team of experts with the appropriate technologies.<\/h3>\n<p>The experience acquired, over the last 50 years, in the manufacturing of structures and in the heavy metals processing has made of Sturo Metal a partner of choice.<\/p>\n<p>The manufacturing team consists of a competent and detail-oriented staff. Constantly proactive, Sturo Metal keeps an inventory of raw materials that can meet the company\u2019s high performance requirements in regard to manufacturing its products.<\/p>\n<p>The factory is equipped with cutting-edge technology equipment. This facilitates the fabrication process of the steel structures of every nature and size, and ensures on-time delivery.<\/p>\n<p>Sturo Metal is, without a doubt, soundly equipped to answer the most various needs of its customers on the local market and abroad.<\/p>\n<p>In addition to our production capacity designed for the conventional steel structures, our specialized equipments allow us to manufacture:<\/p>\n<ul>\n<li>Wrought-metal structures and heavy fabricated metals such as conveyor systems, waste grids, racking, etc.;<\/li>\n<li>Heavy fabricated steel parts such as prefabricated concrete formwork, grandstand formwork, assembly components, skips for gravel, cement or mines.<\/li>\n<li>Engineering structures such as footbridges, bridges and docks.<\/li>\n<\/ul>\n<p>These few listed elements show the minimal outreach competencies and know-how of Sturo Metal team.<\/p>\n<p>&nbsp;<\/p>\n","protected":false},"excerpt":{"rendered":"<p>Sturo Metal ensures to manufacture quality products within the prescribed delays by joining together a remarkable team of experts with the appropriate technologies. The experience acquired, over the last 50 years, in the manufacturing of structures and in the heavy metals processing has made of Sturo Metal a partner of choice. The manufacturing team consists [&hellip;]<\/p>\n","protected":false},"author":17,"featured_media":1173,"parent":427,"menu_order":3,"comment_status":"closed","ping_status":"closed","template":"","meta":{"_acf_changed":false,"footnotes":""},"class_list":["post-438","page","type-page","status-publish","has-post-thumbnail","hentry"],"acf":[],"yoast_head":"<!-- This site is optimized with the Yoast SEO plugin v27.2 - https:\/\/yoast.com\/product\/yoast-seo-wordpress\/ -->\n<title>Fabrication - Sturo M\u00e9tal - con\u00e7oit, fabrique et installe des structures d&#039;acier de b\u00e2timents et des structures d&#039;acier lourdes<\/title>\n<meta name=\"robots\" content=\"index, follow, max-snippet:-1, max-image-preview:large, max-video-preview:-1\" \/>\n<link rel=\"canonical\" href=\"https:\/\/sturometal.com\/en\/our-services\/fabrication\/\" \/>\n<meta property=\"og:locale\" content=\"en_US\" \/>\n<meta property=\"og:type\" content=\"article\" \/>\n<meta property=\"og:title\" content=\"Fabrication - Sturo M\u00e9tal - con\u00e7oit, fabrique et installe des structures d&#039;acier de b\u00e2timents et des structures d&#039;acier lourdes\" \/>\n<meta property=\"og:description\" content=\"Sturo Metal ensures to manufacture quality products within the prescribed delays by joining together a remarkable team of experts with the appropriate technologies. The experience acquired, over the last 50 years, in the manufacturing of structures and in the heavy metals processing has made of Sturo Metal a partner of choice. The manufacturing team consists [&hellip;]\" \/>\n<meta property=\"og:url\" content=\"https:\/\/sturometal.com\/en\/our-services\/fabrication\/\" \/>\n<meta property=\"og:site_name\" content=\"Sturo M\u00e9tal - con\u00e7oit, fabrique et installe des structures d&#039;acier de b\u00e2timents et des structures d&#039;acier lourdes\" \/>\n<meta property=\"article:modified_time\" content=\"2025-05-09T12:13:33+00:00\" \/>\n<meta property=\"og:image\" content=\"https:\/\/sturometal.com\/wp-content\/uploads\/2012\/05\/expochamps_9_128-e1346964156383.jpg\" \/>\n\t<meta property=\"og:image:width\" content=\"3887\" \/>\n\t<meta property=\"og:image:height\" content=\"1428\" \/>\n\t<meta property=\"og:image:type\" content=\"image\/jpeg\" \/>\n<meta name=\"twitter:label1\" content=\"Est. reading time\" \/>\n\t<meta name=\"twitter:data1\" content=\"2 minutes\" \/>\n<script type=\"application\/ld+json\" class=\"yoast-schema-graph\">{\"@context\":\"https:\/\/schema.org\",\"@graph\":[{\"@type\":\"WebPage\",\"@id\":\"https:\/\/sturometal.com\/en\/our-services\/fabrication\/\",\"url\":\"https:\/\/sturometal.com\/en\/our-services\/fabrication\/\",\"name\":\"Fabrication - Sturo M\u00e9tal - con\u00e7oit, fabrique et installe des structures d&#039;acier de b\u00e2timents et des structures d&#039;acier lourdes\",\"isPartOf\":{\"@id\":\"https:\/\/sturometal.com\/#website\"},\"primaryImageOfPage\":{\"@id\":\"https:\/\/sturometal.com\/en\/our-services\/fabrication\/#primaryimage\"},\"image\":{\"@id\":\"https:\/\/sturometal.com\/en\/our-services\/fabrication\/#primaryimage\"},\"thumbnailUrl\":\"https:\/\/sturometal.com\/wp-content\/uploads\/2012\/05\/expochamps_9_128-e1346964156383.jpg\",\"datePublished\":\"2012-08-15T20:29:40+00:00\",\"dateModified\":\"2025-05-09T12:13:33+00:00\",\"breadcrumb\":{\"@id\":\"https:\/\/sturometal.com\/en\/our-services\/fabrication\/#breadcrumb\"},\"inLanguage\":\"en-US\",\"potentialAction\":[{\"@type\":\"ReadAction\",\"target\":[\"https:\/\/sturometal.com\/en\/our-services\/fabrication\/\"]}]},{\"@type\":\"ImageObject\",\"inLanguage\":\"en-US\",\"@id\":\"https:\/\/sturometal.com\/en\/our-services\/fabrication\/#primaryimage\",\"url\":\"https:\/\/sturometal.com\/wp-content\/uploads\/2012\/05\/expochamps_9_128-e1346964156383.jpg\",\"contentUrl\":\"https:\/\/sturometal.com\/wp-content\/uploads\/2012\/05\/expochamps_9_128-e1346964156383.jpg\",\"width\":\"3887\",\"height\":\"1428\"},{\"@type\":\"BreadcrumbList\",\"@id\":\"https:\/\/sturometal.com\/en\/our-services\/fabrication\/#breadcrumb\",\"itemListElement\":[{\"@type\":\"ListItem\",\"position\":1,\"name\":\"Home\",\"item\":\"https:\/\/sturometal.com\/en\/\"},{\"@type\":\"ListItem\",\"position\":2,\"name\":\"Our Services\",\"item\":\"https:\/\/sturometal.com\/en\/our-services\/\"},{\"@type\":\"ListItem\",\"position\":3,\"name\":\"Fabrication\"}]},{\"@type\":\"WebSite\",\"@id\":\"https:\/\/sturometal.com\/#website\",\"url\":\"https:\/\/sturometal.com\/\",\"name\":\"Sturo M\u00e9tal - con\u00e7oit, fabrique et installe des structures d&#039;acier de b\u00e2timents et des structures d&#039;acier lourdes\",\"description\":\"\",\"potentialAction\":[{\"@type\":\"SearchAction\",\"target\":{\"@type\":\"EntryPoint\",\"urlTemplate\":\"https:\/\/sturometal.com\/?s={search_term_string}\"},\"query-input\":{\"@type\":\"PropertyValueSpecification\",\"valueRequired\":true,\"valueName\":\"search_term_string\"}}],\"inLanguage\":\"en-US\"}]}<\/script>\n<!-- \/ Yoast SEO plugin. -->","yoast_head_json":{"title":"Fabrication - Sturo M\u00e9tal - con\u00e7oit, fabrique et installe des structures d&#039;acier de b\u00e2timents et des structures d&#039;acier lourdes","robots":{"index":"index","follow":"follow","max-snippet":"max-snippet:-1","max-image-preview":"max-image-preview:large","max-video-preview":"max-video-preview:-1"},"canonical":"https:\/\/sturometal.com\/en\/our-services\/fabrication\/","og_locale":"en_US","og_type":"article","og_title":"Fabrication - Sturo M\u00e9tal - con\u00e7oit, fabrique et installe des structures d&#039;acier de b\u00e2timents et des structures d&#039;acier lourdes","og_description":"Sturo Metal ensures to manufacture quality products within the prescribed delays by joining together a remarkable team of experts with the appropriate technologies. The experience acquired, over the last 50 years, in the manufacturing of structures and in the heavy metals processing has made of Sturo Metal a partner of choice. The manufacturing team consists [&hellip;]","og_url":"https:\/\/sturometal.com\/en\/our-services\/fabrication\/","og_site_name":"Sturo M\u00e9tal - con\u00e7oit, fabrique et installe des structures d&#039;acier de b\u00e2timents et des structures d&#039;acier lourdes","article_modified_time":"2025-05-09T12:13:33+00:00","og_image":[{"width":3887,"height":1428,"url":"https:\/\/sturometal.com\/wp-content\/uploads\/2012\/05\/expochamps_9_128-e1346964156383.jpg","type":"image\/jpeg"}],"twitter_misc":{"Est. reading time":"2 minutes"},"schema":{"@context":"https:\/\/schema.org","@graph":[{"@type":"WebPage","@id":"https:\/\/sturometal.com\/en\/our-services\/fabrication\/","url":"https:\/\/sturometal.com\/en\/our-services\/fabrication\/","name":"Fabrication - Sturo M\u00e9tal - con\u00e7oit, fabrique et installe des structures d&#039;acier de b\u00e2timents et des structures d&#039;acier lourdes","isPartOf":{"@id":"https:\/\/sturometal.com\/#website"},"primaryImageOfPage":{"@id":"https:\/\/sturometal.com\/en\/our-services\/fabrication\/#primaryimage"},"image":{"@id":"https:\/\/sturometal.com\/en\/our-services\/fabrication\/#primaryimage"},"thumbnailUrl":"https:\/\/sturometal.com\/wp-content\/uploads\/2012\/05\/expochamps_9_128-e1346964156383.jpg","datePublished":"2012-08-15T20:29:40+00:00","dateModified":"2025-05-09T12:13:33+00:00","breadcrumb":{"@id":"https:\/\/sturometal.com\/en\/our-services\/fabrication\/#breadcrumb"},"inLanguage":"en-US","potentialAction":[{"@type":"ReadAction","target":["https:\/\/sturometal.com\/en\/our-services\/fabrication\/"]}]},{"@type":"ImageObject","inLanguage":"en-US","@id":"https:\/\/sturometal.com\/en\/our-services\/fabrication\/#primaryimage","url":"https:\/\/sturometal.com\/wp-content\/uploads\/2012\/05\/expochamps_9_128-e1346964156383.jpg","contentUrl":"https:\/\/sturometal.com\/wp-content\/uploads\/2012\/05\/expochamps_9_128-e1346964156383.jpg","width":"3887","height":"1428"},{"@type":"BreadcrumbList","@id":"https:\/\/sturometal.com\/en\/our-services\/fabrication\/#breadcrumb","itemListElement":[{"@type":"ListItem","position":1,"name":"Home","item":"https:\/\/sturometal.com\/en\/"},{"@type":"ListItem","position":2,"name":"Our Services","item":"https:\/\/sturometal.com\/en\/our-services\/"},{"@type":"ListItem","position":3,"name":"Fabrication"}]},{"@type":"WebSite","@id":"https:\/\/sturometal.com\/#website","url":"https:\/\/sturometal.com\/","name":"Sturo M\u00e9tal - con\u00e7oit, fabrique et installe des structures d&#039;acier de b\u00e2timents et des structures d&#039;acier lourdes","description":"","potentialAction":[{"@type":"SearchAction","target":{"@type":"EntryPoint","urlTemplate":"https:\/\/sturometal.com\/?s={search_term_string}"},"query-input":{"@type":"PropertyValueSpecification","valueRequired":true,"valueName":"search_term_string"}}],"inLanguage":"en-US"}]}},"_links":{"self":[{"href":"https:\/\/sturometal.com\/en\/wp-json\/wp\/v2\/pages\/438","targetHints":{"allow":["GET"]}}],"collection":[{"href":"https:\/\/sturometal.com\/en\/wp-json\/wp\/v2\/pages"}],"about":[{"href":"https:\/\/sturometal.com\/en\/wp-json\/wp\/v2\/types\/page"}],"author":[{"embeddable":true,"href":"https:\/\/sturometal.com\/en\/wp-json\/wp\/v2\/users\/17"}],"replies":[{"embeddable":true,"href":"https:\/\/sturometal.com\/en\/wp-json\/wp\/v2\/comments?post=438"}],"version-history":[{"count":8,"href":"https:\/\/sturometal.com\/en\/wp-json\/wp\/v2\/pages\/438\/revisions"}],"predecessor-version":[{"id":1340,"href":"https:\/\/sturometal.com\/en\/wp-json\/wp\/v2\/pages\/438\/revisions\/1340"}],"up":[{"embeddable":true,"href":"https:\/\/sturometal.com\/en\/wp-json\/wp\/v2\/pages\/427"}],"wp:featuredmedia":[{"embeddable":true,"href":"https:\/\/sturometal.com\/en\/wp-json\/wp\/v2\/media\/1173"}],"wp:attachment":[{"href":"https:\/\/sturometal.com\/en\/wp-json\/wp\/v2\/media?parent=438"}],"curies":[{"name":"wp","href":"https:\/\/api.w.org\/{rel}","templated":true}]}}