{"id":433,"date":"2012-08-15T20:27:33","date_gmt":"2012-08-15T20:27:33","guid":{"rendered":"http:\/\/174.142.46.199\/~sturomet\/?page_id=433"},"modified":"2017-10-16T18:22:52","modified_gmt":"2017-10-16T18:22:52","slug":"engineering","status":"publish","type":"page","link":"https:\/\/sturometal.com\/en\/our-services\/engineering\/","title":{"rendered":"Engineering"},"content":{"rendered":"<h3>Design services can be provided through qualified specialized firms recognized in their field.\u00a0 Their role is to put their specialization to work for your project.<\/h3>\n<p>The knowledge and the technical expertise, acquired over the years, have enabled Sturo Metal experienced and dedicated team to complete a large range of projects, each one executed according to the industry high quality standards requirements.<\/p>\n<p>In cooperation with firms specialized in engineering, Sturo Metal can offer various services as follows:<\/p>\n<ul>\n<li>To assist our customers in the design of their projects when they present a particular challenge;<\/li>\n<li>To coordinate the technical drawings required in the factory, in order to optimize the production process.<\/li>\n<\/ul>\n<p>This\u00a0 service is unquestionably a value added feature to the line of services provided by Sturo Metal.<\/p>\n<p>&nbsp;<\/p>\n<p>&nbsp;<\/p>\n","protected":false},"excerpt":{"rendered":"<p>Design services can be provided through qualified specialized firms recognized in their field.\u00a0 Their role is to put their specialization to work for your project. The knowledge and the technical expertise, acquired over the years, have enabled Sturo Metal experienced and dedicated team to complete a large range of projects, each one executed according to [&hellip;]<\/p>\n","protected":false},"author":17,"featured_media":986,"parent":427,"menu_order":1,"comment_status":"closed","ping_status":"closed","template":"","meta":{"_acf_changed":false,"footnotes":""},"class_list":["post-433","page","type-page","status-publish","has-post-thumbnail","hentry"],"acf":[],"yoast_head":"<!-- This site is optimized with the Yoast SEO plugin v27.2 - https:\/\/yoast.com\/product\/yoast-seo-wordpress\/ -->\n<title>Engineering - Sturo M\u00e9tal - con\u00e7oit, fabrique et installe des structures d&#039;acier de b\u00e2timents et des structures d&#039;acier lourdes<\/title>\n<meta name=\"robots\" content=\"index, follow, max-snippet:-1, max-image-preview:large, max-video-preview:-1\" \/>\n<link rel=\"canonical\" href=\"https:\/\/sturometal.com\/nos-services\/ingenierie\/\" \/>\n<meta property=\"og:locale\" content=\"en_US\" \/>\n<meta property=\"og:type\" content=\"article\" \/>\n<meta property=\"og:title\" content=\"Engineering - Sturo M\u00e9tal - con\u00e7oit, fabrique et installe des structures d&#039;acier de b\u00e2timents et des structures d&#039;acier lourdes\" \/>\n<meta property=\"og:description\" content=\"Design services can be provided through qualified specialized firms recognized in their field.\u00a0 Their role is to put their specialization to work for your project. The knowledge and the technical expertise, acquired over the years, have enabled Sturo Metal experienced and dedicated team to complete a large range of projects, each one executed according to [&hellip;]\" \/>\n<meta property=\"og:url\" content=\"https:\/\/sturometal.com\/nos-services\/ingenierie\/\" \/>\n<meta property=\"og:site_name\" content=\"Sturo M\u00e9tal - con\u00e7oit, fabrique et installe des structures d&#039;acier de b\u00e2timents et des structures d&#039;acier lourdes\" \/>\n<meta property=\"article:modified_time\" content=\"2017-10-16T18:22:52+00:00\" \/>\n<meta property=\"og:image\" content=\"https:\/\/sturometal.com\/wp-content\/uploads\/2012\/05\/plan-sturo-metal-1.png\" \/>\n\t<meta property=\"og:image:width\" content=\"1024\" \/>\n\t<meta property=\"og:image:height\" content=\"370\" \/>\n\t<meta property=\"og:image:type\" content=\"image\/png\" \/>\n<meta name=\"twitter:label1\" content=\"Est. reading time\" \/>\n\t<meta name=\"twitter:data1\" content=\"1 minute\" \/>\n<script type=\"application\/ld+json\" class=\"yoast-schema-graph\">{\"@context\":\"https:\/\/schema.org\",\"@graph\":[{\"@type\":\"WebPage\",\"@id\":\"https:\/\/sturometal.com\/nos-services\/ingenierie\/\",\"url\":\"https:\/\/sturometal.com\/nos-services\/ingenierie\/\",\"name\":\"Engineering - Sturo M\u00e9tal - con\u00e7oit, fabrique et installe des structures d&#039;acier de b\u00e2timents et des structures d&#039;acier lourdes\",\"isPartOf\":{\"@id\":\"https:\/\/sturometal.com\/#website\"},\"primaryImageOfPage\":{\"@id\":\"https:\/\/sturometal.com\/nos-services\/ingenierie\/#primaryimage\"},\"image\":{\"@id\":\"https:\/\/sturometal.com\/nos-services\/ingenierie\/#primaryimage\"},\"thumbnailUrl\":\"https:\/\/sturometal.com\/wp-content\/uploads\/2012\/05\/plan-sturo-metal-1.png\",\"datePublished\":\"2012-08-15T20:27:33+00:00\",\"dateModified\":\"2017-10-16T18:22:52+00:00\",\"breadcrumb\":{\"@id\":\"https:\/\/sturometal.com\/nos-services\/ingenierie\/#breadcrumb\"},\"inLanguage\":\"en-US\",\"potentialAction\":[{\"@type\":\"ReadAction\",\"target\":[\"https:\/\/sturometal.com\/nos-services\/ingenierie\/\"]}]},{\"@type\":\"ImageObject\",\"inLanguage\":\"en-US\",\"@id\":\"https:\/\/sturometal.com\/nos-services\/ingenierie\/#primaryimage\",\"url\":\"https:\/\/sturometal.com\/wp-content\/uploads\/2012\/05\/plan-sturo-metal-1.png\",\"contentUrl\":\"https:\/\/sturometal.com\/wp-content\/uploads\/2012\/05\/plan-sturo-metal-1.png\",\"width\":1024,\"height\":370},{\"@type\":\"BreadcrumbList\",\"@id\":\"https:\/\/sturometal.com\/nos-services\/ingenierie\/#breadcrumb\",\"itemListElement\":[{\"@type\":\"ListItem\",\"position\":1,\"name\":\"Home\",\"item\":\"https:\/\/sturometal.com\/en\/\"},{\"@type\":\"ListItem\",\"position\":2,\"name\":\"Our Services\",\"item\":\"https:\/\/sturometal.com\/en\/our-services\/\"},{\"@type\":\"ListItem\",\"position\":3,\"name\":\"Engineering\"}]},{\"@type\":\"WebSite\",\"@id\":\"https:\/\/sturometal.com\/#website\",\"url\":\"https:\/\/sturometal.com\/\",\"name\":\"Sturo M\u00e9tal - con\u00e7oit, fabrique et installe des structures d&#039;acier de b\u00e2timents et des structures d&#039;acier lourdes\",\"description\":\"\",\"potentialAction\":[{\"@type\":\"SearchAction\",\"target\":{\"@type\":\"EntryPoint\",\"urlTemplate\":\"https:\/\/sturometal.com\/?s={search_term_string}\"},\"query-input\":{\"@type\":\"PropertyValueSpecification\",\"valueRequired\":true,\"valueName\":\"search_term_string\"}}],\"inLanguage\":\"en-US\"}]}<\/script>\n<!-- \/ Yoast SEO plugin. -->","yoast_head_json":{"title":"Engineering - Sturo M\u00e9tal - con\u00e7oit, fabrique et installe des structures d&#039;acier de b\u00e2timents et des structures d&#039;acier lourdes","robots":{"index":"index","follow":"follow","max-snippet":"max-snippet:-1","max-image-preview":"max-image-preview:large","max-video-preview":"max-video-preview:-1"},"canonical":"https:\/\/sturometal.com\/nos-services\/ingenierie\/","og_locale":"en_US","og_type":"article","og_title":"Engineering - Sturo M\u00e9tal - con\u00e7oit, fabrique et installe des structures d&#039;acier de b\u00e2timents et des structures d&#039;acier lourdes","og_description":"Design services can be provided through qualified specialized firms recognized in their field.\u00a0 Their role is to put their specialization to work for your project. The knowledge and the technical expertise, acquired over the years, have enabled Sturo Metal experienced and dedicated team to complete a large range of projects, each one executed according to [&hellip;]","og_url":"https:\/\/sturometal.com\/nos-services\/ingenierie\/","og_site_name":"Sturo M\u00e9tal - con\u00e7oit, fabrique et installe des structures d&#039;acier de b\u00e2timents et des structures d&#039;acier lourdes","article_modified_time":"2017-10-16T18:22:52+00:00","og_image":[{"width":1024,"height":370,"url":"https:\/\/sturometal.com\/wp-content\/uploads\/2012\/05\/plan-sturo-metal-1.png","type":"image\/png"}],"twitter_misc":{"Est. reading time":"1 minute"},"schema":{"@context":"https:\/\/schema.org","@graph":[{"@type":"WebPage","@id":"https:\/\/sturometal.com\/nos-services\/ingenierie\/","url":"https:\/\/sturometal.com\/nos-services\/ingenierie\/","name":"Engineering - Sturo M\u00e9tal - con\u00e7oit, fabrique et installe des structures d&#039;acier de b\u00e2timents et des structures d&#039;acier lourdes","isPartOf":{"@id":"https:\/\/sturometal.com\/#website"},"primaryImageOfPage":{"@id":"https:\/\/sturometal.com\/nos-services\/ingenierie\/#primaryimage"},"image":{"@id":"https:\/\/sturometal.com\/nos-services\/ingenierie\/#primaryimage"},"thumbnailUrl":"https:\/\/sturometal.com\/wp-content\/uploads\/2012\/05\/plan-sturo-metal-1.png","datePublished":"2012-08-15T20:27:33+00:00","dateModified":"2017-10-16T18:22:52+00:00","breadcrumb":{"@id":"https:\/\/sturometal.com\/nos-services\/ingenierie\/#breadcrumb"},"inLanguage":"en-US","potentialAction":[{"@type":"ReadAction","target":["https:\/\/sturometal.com\/nos-services\/ingenierie\/"]}]},{"@type":"ImageObject","inLanguage":"en-US","@id":"https:\/\/sturometal.com\/nos-services\/ingenierie\/#primaryimage","url":"https:\/\/sturometal.com\/wp-content\/uploads\/2012\/05\/plan-sturo-metal-1.png","contentUrl":"https:\/\/sturometal.com\/wp-content\/uploads\/2012\/05\/plan-sturo-metal-1.png","width":1024,"height":370},{"@type":"BreadcrumbList","@id":"https:\/\/sturometal.com\/nos-services\/ingenierie\/#breadcrumb","itemListElement":[{"@type":"ListItem","position":1,"name":"Home","item":"https:\/\/sturometal.com\/en\/"},{"@type":"ListItem","position":2,"name":"Our Services","item":"https:\/\/sturometal.com\/en\/our-services\/"},{"@type":"ListItem","position":3,"name":"Engineering"}]},{"@type":"WebSite","@id":"https:\/\/sturometal.com\/#website","url":"https:\/\/sturometal.com\/","name":"Sturo M\u00e9tal - con\u00e7oit, fabrique et installe des structures d&#039;acier de b\u00e2timents et des structures d&#039;acier lourdes","description":"","potentialAction":[{"@type":"SearchAction","target":{"@type":"EntryPoint","urlTemplate":"https:\/\/sturometal.com\/?s={search_term_string}"},"query-input":{"@type":"PropertyValueSpecification","valueRequired":true,"valueName":"search_term_string"}}],"inLanguage":"en-US"}]}},"_links":{"self":[{"href":"https:\/\/sturometal.com\/en\/wp-json\/wp\/v2\/pages\/433","targetHints":{"allow":["GET"]}}],"collection":[{"href":"https:\/\/sturometal.com\/en\/wp-json\/wp\/v2\/pages"}],"about":[{"href":"https:\/\/sturometal.com\/en\/wp-json\/wp\/v2\/types\/page"}],"author":[{"embeddable":true,"href":"https:\/\/sturometal.com\/en\/wp-json\/wp\/v2\/users\/17"}],"replies":[{"embeddable":true,"href":"https:\/\/sturometal.com\/en\/wp-json\/wp\/v2\/comments?post=433"}],"version-history":[{"count":10,"href":"https:\/\/sturometal.com\/en\/wp-json\/wp\/v2\/pages\/433\/revisions"}],"predecessor-version":[{"id":991,"href":"https:\/\/sturometal.com\/en\/wp-json\/wp\/v2\/pages\/433\/revisions\/991"}],"up":[{"embeddable":true,"href":"https:\/\/sturometal.com\/en\/wp-json\/wp\/v2\/pages\/427"}],"wp:featuredmedia":[{"embeddable":true,"href":"https:\/\/sturometal.com\/en\/wp-json\/wp\/v2\/media\/986"}],"wp:attachment":[{"href":"https:\/\/sturometal.com\/en\/wp-json\/wp\/v2\/media?parent=433"}],"curies":[{"name":"wp","href":"https:\/\/api.w.org\/{rel}","templated":true}]}}