{"id":430,"date":"2012-08-15T20:26:32","date_gmt":"2012-08-15T20:26:32","guid":{"rendered":"http:\/\/174.142.46.199\/~sturomet\/?page_id=430"},"modified":"2017-10-16T18:23:56","modified_gmt":"2017-10-16T18:23:56","slug":"estimation","status":"publish","type":"page","link":"https:\/\/sturometal.com\/en\/our-services\/estimation\/","title":{"rendered":"Estimation"},"content":{"rendered":"<h3>With a constant concern for detail, the estimator team works with the production team in order to assess the complexity of each project.<\/h3>\n<p>Cost evaluation is a sector of the industry that nowadays requires many competences.\u00a0 An in-depth analysis of each drawing is done regardless of the scope and complexity of the project.\u00a0 This assessment allows for a precise cost evaluation while complying with customers\u2019 requirements.<\/p>\n<p>A specialized software controlled by specialized individuals coordinates calculations of the steel parts to be fabricated, the cost, and the inventory management.<\/p>\n<p>Sturo Metal experienced estimators, in cooperation with the production team, can optimize all levels of the fabrication process: from planning the cutting process of the steel structures up to the logistics management to meet delivery and installation time frame.<\/p>\n<p>Sturo Metal assures its customers that everything is analyzed with the highest accuracy and with the greatest possible transparency.<\/p>\n<p>&nbsp;<\/p>\n","protected":false},"excerpt":{"rendered":"<p>With a constant concern for detail, the estimator team works with the production team in order to assess the complexity of each project. Cost evaluation is a sector of the industry that nowadays requires many competences.\u00a0 An in-depth analysis of each drawing is done regardless of the scope and complexity of the project.\u00a0 This assessment [&hellip;]<\/p>\n","protected":false},"author":17,"featured_media":987,"parent":427,"menu_order":2,"comment_status":"closed","ping_status":"closed","template":"","meta":{"_acf_changed":false,"footnotes":""},"class_list":["post-430","page","type-page","status-publish","has-post-thumbnail","hentry"],"acf":[],"yoast_head":"<!-- This site is optimized with the Yoast SEO plugin v27.2 - https:\/\/yoast.com\/product\/yoast-seo-wordpress\/ -->\n<title>Estimation - Sturo M\u00e9tal - con\u00e7oit, fabrique et installe des structures d&#039;acier de b\u00e2timents et des structures d&#039;acier lourdes<\/title>\n<meta name=\"robots\" content=\"index, follow, max-snippet:-1, max-image-preview:large, max-video-preview:-1\" \/>\n<link rel=\"canonical\" href=\"https:\/\/sturometal.com\/en\/our-services\/estimation\/\" \/>\n<meta property=\"og:locale\" content=\"en_US\" \/>\n<meta property=\"og:type\" content=\"article\" \/>\n<meta property=\"og:title\" content=\"Estimation - Sturo M\u00e9tal - con\u00e7oit, fabrique et installe des structures d&#039;acier de b\u00e2timents et des structures d&#039;acier lourdes\" \/>\n<meta property=\"og:description\" content=\"With a constant concern for detail, the estimator team works with the production team in order to assess the complexity of each project. Cost evaluation is a sector of the industry that nowadays requires many competences.\u00a0 An in-depth analysis of each drawing is done regardless of the scope and complexity of the project.\u00a0 This assessment [&hellip;]\" \/>\n<meta property=\"og:url\" content=\"https:\/\/sturometal.com\/en\/our-services\/estimation\/\" \/>\n<meta property=\"og:site_name\" content=\"Sturo M\u00e9tal - con\u00e7oit, fabrique et installe des structures d&#039;acier de b\u00e2timents et des structures d&#039;acier lourdes\" \/>\n<meta property=\"article:modified_time\" content=\"2017-10-16T18:23:56+00:00\" \/>\n<meta property=\"og:image\" content=\"https:\/\/sturometal.com\/wp-content\/uploads\/2012\/05\/experts-sturo-metal-1.png\" \/>\n\t<meta property=\"og:image:width\" content=\"1024\" \/>\n\t<meta property=\"og:image:height\" content=\"296\" \/>\n\t<meta property=\"og:image:type\" content=\"image\/png\" \/>\n<meta name=\"twitter:label1\" content=\"Est. reading time\" \/>\n\t<meta name=\"twitter:data1\" content=\"1 minute\" \/>\n<script type=\"application\/ld+json\" class=\"yoast-schema-graph\">{\"@context\":\"https:\/\/schema.org\",\"@graph\":[{\"@type\":\"WebPage\",\"@id\":\"https:\/\/sturometal.com\/en\/our-services\/estimation\/\",\"url\":\"https:\/\/sturometal.com\/en\/our-services\/estimation\/\",\"name\":\"Estimation - Sturo M\u00e9tal - con\u00e7oit, fabrique et installe des structures d&#039;acier de b\u00e2timents et des structures d&#039;acier lourdes\",\"isPartOf\":{\"@id\":\"https:\/\/sturometal.com\/#website\"},\"primaryImageOfPage\":{\"@id\":\"https:\/\/sturometal.com\/en\/our-services\/estimation\/#primaryimage\"},\"image\":{\"@id\":\"https:\/\/sturometal.com\/en\/our-services\/estimation\/#primaryimage\"},\"thumbnailUrl\":\"https:\/\/sturometal.com\/wp-content\/uploads\/2012\/05\/experts-sturo-metal-1.png\",\"datePublished\":\"2012-08-15T20:26:32+00:00\",\"dateModified\":\"2017-10-16T18:23:56+00:00\",\"breadcrumb\":{\"@id\":\"https:\/\/sturometal.com\/en\/our-services\/estimation\/#breadcrumb\"},\"inLanguage\":\"en-US\",\"potentialAction\":[{\"@type\":\"ReadAction\",\"target\":[\"https:\/\/sturometal.com\/en\/our-services\/estimation\/\"]}]},{\"@type\":\"ImageObject\",\"inLanguage\":\"en-US\",\"@id\":\"https:\/\/sturometal.com\/en\/our-services\/estimation\/#primaryimage\",\"url\":\"https:\/\/sturometal.com\/wp-content\/uploads\/2012\/05\/experts-sturo-metal-1.png\",\"contentUrl\":\"https:\/\/sturometal.com\/wp-content\/uploads\/2012\/05\/experts-sturo-metal-1.png\",\"width\":1024,\"height\":296},{\"@type\":\"BreadcrumbList\",\"@id\":\"https:\/\/sturometal.com\/en\/our-services\/estimation\/#breadcrumb\",\"itemListElement\":[{\"@type\":\"ListItem\",\"position\":1,\"name\":\"Home\",\"item\":\"https:\/\/sturometal.com\/en\/\"},{\"@type\":\"ListItem\",\"position\":2,\"name\":\"Our Services\",\"item\":\"https:\/\/sturometal.com\/en\/our-services\/\"},{\"@type\":\"ListItem\",\"position\":3,\"name\":\"Estimation\"}]},{\"@type\":\"WebSite\",\"@id\":\"https:\/\/sturometal.com\/#website\",\"url\":\"https:\/\/sturometal.com\/\",\"name\":\"Sturo M\u00e9tal - con\u00e7oit, fabrique et installe des structures d&#039;acier de b\u00e2timents et des structures d&#039;acier lourdes\",\"description\":\"\",\"potentialAction\":[{\"@type\":\"SearchAction\",\"target\":{\"@type\":\"EntryPoint\",\"urlTemplate\":\"https:\/\/sturometal.com\/?s={search_term_string}\"},\"query-input\":{\"@type\":\"PropertyValueSpecification\",\"valueRequired\":true,\"valueName\":\"search_term_string\"}}],\"inLanguage\":\"en-US\"}]}<\/script>\n<!-- \/ Yoast SEO plugin. -->","yoast_head_json":{"title":"Estimation - Sturo M\u00e9tal - con\u00e7oit, fabrique et installe des structures d&#039;acier de b\u00e2timents et des structures d&#039;acier lourdes","robots":{"index":"index","follow":"follow","max-snippet":"max-snippet:-1","max-image-preview":"max-image-preview:large","max-video-preview":"max-video-preview:-1"},"canonical":"https:\/\/sturometal.com\/en\/our-services\/estimation\/","og_locale":"en_US","og_type":"article","og_title":"Estimation - Sturo M\u00e9tal - con\u00e7oit, fabrique et installe des structures d&#039;acier de b\u00e2timents et des structures d&#039;acier lourdes","og_description":"With a constant concern for detail, the estimator team works with the production team in order to assess the complexity of each project. Cost evaluation is a sector of the industry that nowadays requires many competences.\u00a0 An in-depth analysis of each drawing is done regardless of the scope and complexity of the project.\u00a0 This assessment [&hellip;]","og_url":"https:\/\/sturometal.com\/en\/our-services\/estimation\/","og_site_name":"Sturo M\u00e9tal - con\u00e7oit, fabrique et installe des structures d&#039;acier de b\u00e2timents et des structures d&#039;acier lourdes","article_modified_time":"2017-10-16T18:23:56+00:00","og_image":[{"width":1024,"height":296,"url":"https:\/\/sturometal.com\/wp-content\/uploads\/2012\/05\/experts-sturo-metal-1.png","type":"image\/png"}],"twitter_misc":{"Est. reading time":"1 minute"},"schema":{"@context":"https:\/\/schema.org","@graph":[{"@type":"WebPage","@id":"https:\/\/sturometal.com\/en\/our-services\/estimation\/","url":"https:\/\/sturometal.com\/en\/our-services\/estimation\/","name":"Estimation - Sturo M\u00e9tal - con\u00e7oit, fabrique et installe des structures d&#039;acier de b\u00e2timents et des structures d&#039;acier lourdes","isPartOf":{"@id":"https:\/\/sturometal.com\/#website"},"primaryImageOfPage":{"@id":"https:\/\/sturometal.com\/en\/our-services\/estimation\/#primaryimage"},"image":{"@id":"https:\/\/sturometal.com\/en\/our-services\/estimation\/#primaryimage"},"thumbnailUrl":"https:\/\/sturometal.com\/wp-content\/uploads\/2012\/05\/experts-sturo-metal-1.png","datePublished":"2012-08-15T20:26:32+00:00","dateModified":"2017-10-16T18:23:56+00:00","breadcrumb":{"@id":"https:\/\/sturometal.com\/en\/our-services\/estimation\/#breadcrumb"},"inLanguage":"en-US","potentialAction":[{"@type":"ReadAction","target":["https:\/\/sturometal.com\/en\/our-services\/estimation\/"]}]},{"@type":"ImageObject","inLanguage":"en-US","@id":"https:\/\/sturometal.com\/en\/our-services\/estimation\/#primaryimage","url":"https:\/\/sturometal.com\/wp-content\/uploads\/2012\/05\/experts-sturo-metal-1.png","contentUrl":"https:\/\/sturometal.com\/wp-content\/uploads\/2012\/05\/experts-sturo-metal-1.png","width":1024,"height":296},{"@type":"BreadcrumbList","@id":"https:\/\/sturometal.com\/en\/our-services\/estimation\/#breadcrumb","itemListElement":[{"@type":"ListItem","position":1,"name":"Home","item":"https:\/\/sturometal.com\/en\/"},{"@type":"ListItem","position":2,"name":"Our Services","item":"https:\/\/sturometal.com\/en\/our-services\/"},{"@type":"ListItem","position":3,"name":"Estimation"}]},{"@type":"WebSite","@id":"https:\/\/sturometal.com\/#website","url":"https:\/\/sturometal.com\/","name":"Sturo M\u00e9tal - con\u00e7oit, fabrique et installe des structures d&#039;acier de b\u00e2timents et des structures d&#039;acier lourdes","description":"","potentialAction":[{"@type":"SearchAction","target":{"@type":"EntryPoint","urlTemplate":"https:\/\/sturometal.com\/?s={search_term_string}"},"query-input":{"@type":"PropertyValueSpecification","valueRequired":true,"valueName":"search_term_string"}}],"inLanguage":"en-US"}]}},"_links":{"self":[{"href":"https:\/\/sturometal.com\/en\/wp-json\/wp\/v2\/pages\/430","targetHints":{"allow":["GET"]}}],"collection":[{"href":"https:\/\/sturometal.com\/en\/wp-json\/wp\/v2\/pages"}],"about":[{"href":"https:\/\/sturometal.com\/en\/wp-json\/wp\/v2\/types\/page"}],"author":[{"embeddable":true,"href":"https:\/\/sturometal.com\/en\/wp-json\/wp\/v2\/users\/17"}],"replies":[{"embeddable":true,"href":"https:\/\/sturometal.com\/en\/wp-json\/wp\/v2\/comments?post=430"}],"version-history":[{"count":6,"href":"https:\/\/sturometal.com\/en\/wp-json\/wp\/v2\/pages\/430\/revisions"}],"predecessor-version":[{"id":992,"href":"https:\/\/sturometal.com\/en\/wp-json\/wp\/v2\/pages\/430\/revisions\/992"}],"up":[{"embeddable":true,"href":"https:\/\/sturometal.com\/en\/wp-json\/wp\/v2\/pages\/427"}],"wp:featuredmedia":[{"embeddable":true,"href":"https:\/\/sturometal.com\/en\/wp-json\/wp\/v2\/media\/987"}],"wp:attachment":[{"href":"https:\/\/sturometal.com\/en\/wp-json\/wp\/v2\/media?parent=430"}],"curies":[{"name":"wp","href":"https:\/\/api.w.org\/{rel}","templated":true}]}}