{"id":417,"date":"2012-08-15T20:22:13","date_gmt":"2012-08-15T20:22:13","guid":{"rendered":"http:\/\/174.142.46.199\/~sturomet\/?page_id=417"},"modified":"2021-10-12T16:29:59","modified_gmt":"2021-10-12T16:29:59","slug":"our-projects","status":"publish","type":"page","link":"https:\/\/sturometal.com\/en\/our-projects\/","title":{"rendered":"Our Projects"},"content":{"rendered":"<h3>Experience often makes a big difference on any company success. Especially with respect to on-time delivery to the site or renovation or expansion work which must be carried out without affecting ongoing operations activities.<\/h3>\n<p>Sturo Metal masters all the projects components, from the manufacturing of the optimized product up to logistics and assembly processes. A specific expertise is often needed in these projects.<\/p>\n<p>&nbsp;<\/p>\n","protected":false},"excerpt":{"rendered":"<p>Experience often makes a big difference on any company success. Especially with respect to on-time delivery to the site or renovation or expansion work which must be carried out without affecting ongoing operations activities. Sturo Metal masters all the projects components, from the manufacturing of the optimized product up to logistics and assembly processes. A [&hellip;]<\/p>\n","protected":false},"author":17,"featured_media":1130,"parent":0,"menu_order":0,"comment_status":"closed","ping_status":"closed","template":"page-2col.php","meta":{"_acf_changed":false,"footnotes":""},"class_list":["post-417","page","type-page","status-publish","has-post-thumbnail","hentry"],"acf":[],"yoast_head":"<!-- This site is optimized with the Yoast SEO plugin v27.2 - https:\/\/yoast.com\/product\/yoast-seo-wordpress\/ -->\n<title>Our Projects - Sturo M\u00e9tal - con\u00e7oit, fabrique et installe des structures d&#039;acier de b\u00e2timents et des structures d&#039;acier lourdes<\/title>\n<meta name=\"robots\" content=\"index, follow, max-snippet:-1, max-image-preview:large, max-video-preview:-1\" \/>\n<link rel=\"canonical\" href=\"https:\/\/sturometal.com\/en\/our-projects\/\" \/>\n<meta property=\"og:locale\" content=\"en_US\" \/>\n<meta property=\"og:type\" content=\"article\" \/>\n<meta property=\"og:title\" content=\"Our Projects - Sturo M\u00e9tal - con\u00e7oit, fabrique et installe des structures d&#039;acier de b\u00e2timents et des structures d&#039;acier lourdes\" \/>\n<meta property=\"og:description\" content=\"Experience often makes a big difference on any company success. Especially with respect to on-time delivery to the site or renovation or expansion work which must be carried out without affecting ongoing operations activities. Sturo Metal masters all the projects components, from the manufacturing of the optimized product up to logistics and assembly processes. A [&hellip;]\" \/>\n<meta property=\"og:url\" content=\"https:\/\/sturometal.com\/en\/our-projects\/\" \/>\n<meta property=\"og:site_name\" content=\"Sturo M\u00e9tal - con\u00e7oit, fabrique et installe des structures d&#039;acier de b\u00e2timents et des structures d&#039;acier lourdes\" \/>\n<meta property=\"article:modified_time\" content=\"2021-10-12T16:29:59+00:00\" \/>\n<meta property=\"og:image\" content=\"https:\/\/sturometal.com\/wp-content\/uploads\/2012\/06\/MEUNERIE-1-e1346965147808.jpg\" \/>\n\t<meta property=\"og:image:width\" content=\"1024\" \/>\n\t<meta property=\"og:image:height\" content=\"381\" \/>\n\t<meta property=\"og:image:type\" content=\"image\/jpeg\" \/>\n<script type=\"application\/ld+json\" class=\"yoast-schema-graph\">{\"@context\":\"https:\/\/schema.org\",\"@graph\":[{\"@type\":\"WebPage\",\"@id\":\"https:\/\/sturometal.com\/en\/our-projects\/\",\"url\":\"https:\/\/sturometal.com\/en\/our-projects\/\",\"name\":\"Our Projects - Sturo M\u00e9tal - con\u00e7oit, fabrique et installe des structures d&#039;acier de b\u00e2timents et des structures d&#039;acier lourdes\",\"isPartOf\":{\"@id\":\"https:\/\/sturometal.com\/#website\"},\"primaryImageOfPage\":{\"@id\":\"https:\/\/sturometal.com\/en\/our-projects\/#primaryimage\"},\"image\":{\"@id\":\"https:\/\/sturometal.com\/en\/our-projects\/#primaryimage\"},\"thumbnailUrl\":\"https:\/\/sturometal.com\/wp-content\/uploads\/2012\/06\/MEUNERIE-1-e1346965147808.jpg\",\"datePublished\":\"2012-08-15T20:22:13+00:00\",\"dateModified\":\"2021-10-12T16:29:59+00:00\",\"breadcrumb\":{\"@id\":\"https:\/\/sturometal.com\/en\/our-projects\/#breadcrumb\"},\"inLanguage\":\"en-US\",\"potentialAction\":[{\"@type\":\"ReadAction\",\"target\":[\"https:\/\/sturometal.com\/en\/our-projects\/\"]}]},{\"@type\":\"ImageObject\",\"inLanguage\":\"en-US\",\"@id\":\"https:\/\/sturometal.com\/en\/our-projects\/#primaryimage\",\"url\":\"https:\/\/sturometal.com\/wp-content\/uploads\/2012\/06\/MEUNERIE-1-e1346965147808.jpg\",\"contentUrl\":\"https:\/\/sturometal.com\/wp-content\/uploads\/2012\/06\/MEUNERIE-1-e1346965147808.jpg\",\"width\":\"1024\",\"height\":\"381\"},{\"@type\":\"BreadcrumbList\",\"@id\":\"https:\/\/sturometal.com\/en\/our-projects\/#breadcrumb\",\"itemListElement\":[{\"@type\":\"ListItem\",\"position\":1,\"name\":\"Home\",\"item\":\"https:\/\/sturometal.com\/en\/\"},{\"@type\":\"ListItem\",\"position\":2,\"name\":\"Our Projects\"}]},{\"@type\":\"WebSite\",\"@id\":\"https:\/\/sturometal.com\/#website\",\"url\":\"https:\/\/sturometal.com\/\",\"name\":\"Sturo M\u00e9tal - con\u00e7oit, fabrique et installe des structures d&#039;acier de b\u00e2timents et des structures d&#039;acier lourdes\",\"description\":\"\",\"potentialAction\":[{\"@type\":\"SearchAction\",\"target\":{\"@type\":\"EntryPoint\",\"urlTemplate\":\"https:\/\/sturometal.com\/?s={search_term_string}\"},\"query-input\":{\"@type\":\"PropertyValueSpecification\",\"valueRequired\":true,\"valueName\":\"search_term_string\"}}],\"inLanguage\":\"en-US\"}]}<\/script>\n<!-- \/ Yoast SEO plugin. -->","yoast_head_json":{"title":"Our Projects - Sturo M\u00e9tal - con\u00e7oit, fabrique et installe des structures d&#039;acier de b\u00e2timents et des structures d&#039;acier lourdes","robots":{"index":"index","follow":"follow","max-snippet":"max-snippet:-1","max-image-preview":"max-image-preview:large","max-video-preview":"max-video-preview:-1"},"canonical":"https:\/\/sturometal.com\/en\/our-projects\/","og_locale":"en_US","og_type":"article","og_title":"Our Projects - Sturo M\u00e9tal - con\u00e7oit, fabrique et installe des structures d&#039;acier de b\u00e2timents et des structures d&#039;acier lourdes","og_description":"Experience often makes a big difference on any company success. Especially with respect to on-time delivery to the site or renovation or expansion work which must be carried out without affecting ongoing operations activities. Sturo Metal masters all the projects components, from the manufacturing of the optimized product up to logistics and assembly processes. A [&hellip;]","og_url":"https:\/\/sturometal.com\/en\/our-projects\/","og_site_name":"Sturo M\u00e9tal - con\u00e7oit, fabrique et installe des structures d&#039;acier de b\u00e2timents et des structures d&#039;acier lourdes","article_modified_time":"2021-10-12T16:29:59+00:00","og_image":[{"width":1024,"height":381,"url":"https:\/\/sturometal.com\/wp-content\/uploads\/2012\/06\/MEUNERIE-1-e1346965147808.jpg","type":"image\/jpeg"}],"schema":{"@context":"https:\/\/schema.org","@graph":[{"@type":"WebPage","@id":"https:\/\/sturometal.com\/en\/our-projects\/","url":"https:\/\/sturometal.com\/en\/our-projects\/","name":"Our Projects - Sturo M\u00e9tal - con\u00e7oit, fabrique et installe des structures d&#039;acier de b\u00e2timents et des structures d&#039;acier lourdes","isPartOf":{"@id":"https:\/\/sturometal.com\/#website"},"primaryImageOfPage":{"@id":"https:\/\/sturometal.com\/en\/our-projects\/#primaryimage"},"image":{"@id":"https:\/\/sturometal.com\/en\/our-projects\/#primaryimage"},"thumbnailUrl":"https:\/\/sturometal.com\/wp-content\/uploads\/2012\/06\/MEUNERIE-1-e1346965147808.jpg","datePublished":"2012-08-15T20:22:13+00:00","dateModified":"2021-10-12T16:29:59+00:00","breadcrumb":{"@id":"https:\/\/sturometal.com\/en\/our-projects\/#breadcrumb"},"inLanguage":"en-US","potentialAction":[{"@type":"ReadAction","target":["https:\/\/sturometal.com\/en\/our-projects\/"]}]},{"@type":"ImageObject","inLanguage":"en-US","@id":"https:\/\/sturometal.com\/en\/our-projects\/#primaryimage","url":"https:\/\/sturometal.com\/wp-content\/uploads\/2012\/06\/MEUNERIE-1-e1346965147808.jpg","contentUrl":"https:\/\/sturometal.com\/wp-content\/uploads\/2012\/06\/MEUNERIE-1-e1346965147808.jpg","width":"1024","height":"381"},{"@type":"BreadcrumbList","@id":"https:\/\/sturometal.com\/en\/our-projects\/#breadcrumb","itemListElement":[{"@type":"ListItem","position":1,"name":"Home","item":"https:\/\/sturometal.com\/en\/"},{"@type":"ListItem","position":2,"name":"Our Projects"}]},{"@type":"WebSite","@id":"https:\/\/sturometal.com\/#website","url":"https:\/\/sturometal.com\/","name":"Sturo M\u00e9tal - con\u00e7oit, fabrique et installe des structures d&#039;acier de b\u00e2timents et des structures d&#039;acier lourdes","description":"","potentialAction":[{"@type":"SearchAction","target":{"@type":"EntryPoint","urlTemplate":"https:\/\/sturometal.com\/?s={search_term_string}"},"query-input":{"@type":"PropertyValueSpecification","valueRequired":true,"valueName":"search_term_string"}}],"inLanguage":"en-US"}]}},"_links":{"self":[{"href":"https:\/\/sturometal.com\/en\/wp-json\/wp\/v2\/pages\/417","targetHints":{"allow":["GET"]}}],"collection":[{"href":"https:\/\/sturometal.com\/en\/wp-json\/wp\/v2\/pages"}],"about":[{"href":"https:\/\/sturometal.com\/en\/wp-json\/wp\/v2\/types\/page"}],"author":[{"embeddable":true,"href":"https:\/\/sturometal.com\/en\/wp-json\/wp\/v2\/users\/17"}],"replies":[{"embeddable":true,"href":"https:\/\/sturometal.com\/en\/wp-json\/wp\/v2\/comments?post=417"}],"version-history":[{"count":14,"href":"https:\/\/sturometal.com\/en\/wp-json\/wp\/v2\/pages\/417\/revisions"}],"predecessor-version":[{"id":1259,"href":"https:\/\/sturometal.com\/en\/wp-json\/wp\/v2\/pages\/417\/revisions\/1259"}],"wp:featuredmedia":[{"embeddable":true,"href":"https:\/\/sturometal.com\/en\/wp-json\/wp\/v2\/media\/1130"}],"wp:attachment":[{"href":"https:\/\/sturometal.com\/en\/wp-json\/wp\/v2\/media?parent=417"}],"curies":[{"name":"wp","href":"https:\/\/api.w.org\/{rel}","templated":true}]}}