{"id":413,"date":"2012-08-15T20:19:07","date_gmt":"2012-08-15T20:19:07","guid":{"rendered":"http:\/\/174.142.46.199\/~sturomet\/?page_id=413"},"modified":"2012-10-26T18:21:47","modified_gmt":"2012-10-26T18:21:47","slug":"certifications-and-quality-control","status":"publish","type":"page","link":"https:\/\/sturometal.com\/en\/403-2\/certifications-and-quality-control\/","title":{"rendered":"Certifications and Quality Control"},"content":{"rendered":"<h3>Quality is more than just a result : it is a commitment to continuous improvement and to overcoming the limits. In this regard, Sturo Metal is among companies that follows high quality standards\u00a0in the steel manufacturing industry.<\/h3>\n<p>Sturo Metal quality program is as solid as its products. Put in place since many years, it is continuously updated and contains many tools to guaranty that all the company\u2019s employees support the two important quests for improvement: products and business practices improvements.<\/p>\n<p>Sturo Metal prioritizes the certifications of its fabricated products as well as its membership to important associations of the steel industry:<\/p>\n<ul>\n<li>Quality certification from <strong>AISC Fabricator Certification program<\/strong> de l\u2019American Institute of Steel Construction;<\/li>\n<li>Certification from <strong>CSA W47.1 Division 2<\/strong> of the Canadian Welding Bureau\u00a0;<\/li>\n<li>License from the \u00abR\u00e9gie du b\u00e2timent du Qu\u00e9bec\u00bb, N\u00b0 8104-8126-42\u00a0;<\/li>\n<li>Member of the Canadian Institute of Steel Construction;<\/li>\n<li>Member of the \u00abQuebec Construction Association\u00bb.<\/li>\n<\/ul>\n<p>&nbsp;<\/p>\n<h2>LEED\u00ae Certification<\/h2>\n<p>In addition to the internal quality program, Sturo Metal has begun a LEED<sup>\u00ae<\/sup> Certification approach in collaboration with a specialized firm. Do not hesitate to contact us for more information. The description of your project will help the team answer all your questions on this subject.<\/p>\n<p>&nbsp;<\/p>\n","protected":false},"excerpt":{"rendered":"<p>Quality is more than just a result : it is a commitment to continuous improvement and to overcoming the limits. In this regard, Sturo Metal is among companies that follows high quality standards\u00a0in the steel manufacturing industry. Sturo Metal quality program is as solid as its products. Put in place since many years, it is [&hellip;]<\/p>\n","protected":false},"author":17,"featured_media":544,"parent":403,"menu_order":3,"comment_status":"open","ping_status":"open","template":"","meta":{"_acf_changed":false,"footnotes":""},"class_list":["post-413","page","type-page","status-publish","has-post-thumbnail","hentry"],"acf":[],"yoast_head":"<!-- This site is optimized with the Yoast SEO plugin v27.2 - https:\/\/yoast.com\/product\/yoast-seo-wordpress\/ -->\n<title>Certifications and Quality Control - Sturo M\u00e9tal - con\u00e7oit, fabrique et installe des structures d&#039;acier de b\u00e2timents et des structures d&#039;acier lourdes<\/title>\n<meta name=\"robots\" content=\"index, follow, max-snippet:-1, max-image-preview:large, max-video-preview:-1\" \/>\n<link rel=\"canonical\" href=\"https:\/\/sturometal.com\/en\/403-2\/certifications-and-quality-control\/\" \/>\n<meta property=\"og:locale\" content=\"en_US\" \/>\n<meta property=\"og:type\" content=\"article\" \/>\n<meta property=\"og:title\" content=\"Certifications and Quality Control - Sturo M\u00e9tal - con\u00e7oit, fabrique et installe des structures d&#039;acier de b\u00e2timents et des structures d&#039;acier lourdes\" \/>\n<meta property=\"og:description\" content=\"Quality is more than just a result : it is a commitment to continuous improvement and to overcoming the limits. In this regard, Sturo Metal is among companies that follows high quality standards\u00a0in the steel manufacturing industry. Sturo Metal quality program is as solid as its products. Put in place since many years, it is [&hellip;]\" \/>\n<meta property=\"og:url\" content=\"https:\/\/sturometal.com\/en\/403-2\/certifications-and-quality-control\/\" \/>\n<meta property=\"og:site_name\" content=\"Sturo M\u00e9tal - con\u00e7oit, fabrique et installe des structures d&#039;acier de b\u00e2timents et des structures d&#039;acier lourdes\" \/>\n<meta property=\"article:modified_time\" content=\"2012-10-26T18:21:47+00:00\" \/>\n<meta property=\"og:image\" content=\"https:\/\/sturometal.com\/wp-content\/uploads\/2012\/08\/iStock_000015624575Small-e1346963881691.jpg\" \/>\n\t<meta property=\"og:image:width\" content=\"849\" \/>\n\t<meta property=\"og:image:height\" content=\"373\" \/>\n\t<meta property=\"og:image:type\" content=\"image\/jpeg\" \/>\n<meta name=\"twitter:label1\" content=\"Est. reading time\" \/>\n\t<meta name=\"twitter:data1\" content=\"1 minute\" \/>\n<script type=\"application\/ld+json\" class=\"yoast-schema-graph\">{\"@context\":\"https:\/\/schema.org\",\"@graph\":[{\"@type\":\"WebPage\",\"@id\":\"https:\/\/sturometal.com\/en\/403-2\/certifications-and-quality-control\/\",\"url\":\"https:\/\/sturometal.com\/en\/403-2\/certifications-and-quality-control\/\",\"name\":\"Certifications and Quality Control - Sturo M\u00e9tal - con\u00e7oit, fabrique et installe des structures d&#039;acier de b\u00e2timents et des structures d&#039;acier lourdes\",\"isPartOf\":{\"@id\":\"https:\/\/sturometal.com\/#website\"},\"primaryImageOfPage\":{\"@id\":\"https:\/\/sturometal.com\/en\/403-2\/certifications-and-quality-control\/#primaryimage\"},\"image\":{\"@id\":\"https:\/\/sturometal.com\/en\/403-2\/certifications-and-quality-control\/#primaryimage\"},\"thumbnailUrl\":\"https:\/\/sturometal.com\/wp-content\/uploads\/2012\/08\/iStock_000015624575Small-e1346963881691.jpg\",\"datePublished\":\"2012-08-15T20:19:07+00:00\",\"dateModified\":\"2012-10-26T18:21:47+00:00\",\"breadcrumb\":{\"@id\":\"https:\/\/sturometal.com\/en\/403-2\/certifications-and-quality-control\/#breadcrumb\"},\"inLanguage\":\"en-US\",\"potentialAction\":[{\"@type\":\"ReadAction\",\"target\":[\"https:\/\/sturometal.com\/en\/403-2\/certifications-and-quality-control\/\"]}]},{\"@type\":\"ImageObject\",\"inLanguage\":\"en-US\",\"@id\":\"https:\/\/sturometal.com\/en\/403-2\/certifications-and-quality-control\/#primaryimage\",\"url\":\"https:\/\/sturometal.com\/wp-content\/uploads\/2012\/08\/iStock_000015624575Small-e1346963881691.jpg\",\"contentUrl\":\"https:\/\/sturometal.com\/wp-content\/uploads\/2012\/08\/iStock_000015624575Small-e1346963881691.jpg\",\"width\":\"849\",\"height\":\"373\"},{\"@type\":\"BreadcrumbList\",\"@id\":\"https:\/\/sturometal.com\/en\/403-2\/certifications-and-quality-control\/#breadcrumb\",\"itemListElement\":[{\"@type\":\"ListItem\",\"position\":1,\"name\":\"Home\",\"item\":\"https:\/\/sturometal.com\/en\/\"},{\"@type\":\"ListItem\",\"position\":2,\"name\":\"About us\",\"item\":\"https:\/\/sturometal.com\/en\/403-2\/\"},{\"@type\":\"ListItem\",\"position\":3,\"name\":\"Certifications and Quality Control\"}]},{\"@type\":\"WebSite\",\"@id\":\"https:\/\/sturometal.com\/#website\",\"url\":\"https:\/\/sturometal.com\/\",\"name\":\"Sturo M\u00e9tal - con\u00e7oit, fabrique et installe des structures d&#039;acier de b\u00e2timents et des structures d&#039;acier lourdes\",\"description\":\"\",\"potentialAction\":[{\"@type\":\"SearchAction\",\"target\":{\"@type\":\"EntryPoint\",\"urlTemplate\":\"https:\/\/sturometal.com\/?s={search_term_string}\"},\"query-input\":{\"@type\":\"PropertyValueSpecification\",\"valueRequired\":true,\"valueName\":\"search_term_string\"}}],\"inLanguage\":\"en-US\"}]}<\/script>\n<!-- \/ Yoast SEO plugin. -->","yoast_head_json":{"title":"Certifications and Quality Control - Sturo M\u00e9tal - con\u00e7oit, fabrique et installe des structures d&#039;acier de b\u00e2timents et des structures d&#039;acier lourdes","robots":{"index":"index","follow":"follow","max-snippet":"max-snippet:-1","max-image-preview":"max-image-preview:large","max-video-preview":"max-video-preview:-1"},"canonical":"https:\/\/sturometal.com\/en\/403-2\/certifications-and-quality-control\/","og_locale":"en_US","og_type":"article","og_title":"Certifications and Quality Control - Sturo M\u00e9tal - con\u00e7oit, fabrique et installe des structures d&#039;acier de b\u00e2timents et des structures d&#039;acier lourdes","og_description":"Quality is more than just a result : it is a commitment to continuous improvement and to overcoming the limits. In this regard, Sturo Metal is among companies that follows high quality standards\u00a0in the steel manufacturing industry. Sturo Metal quality program is as solid as its products. Put in place since many years, it is [&hellip;]","og_url":"https:\/\/sturometal.com\/en\/403-2\/certifications-and-quality-control\/","og_site_name":"Sturo M\u00e9tal - con\u00e7oit, fabrique et installe des structures d&#039;acier de b\u00e2timents et des structures d&#039;acier lourdes","article_modified_time":"2012-10-26T18:21:47+00:00","og_image":[{"width":849,"height":373,"url":"https:\/\/sturometal.com\/wp-content\/uploads\/2012\/08\/iStock_000015624575Small-e1346963881691.jpg","type":"image\/jpeg"}],"twitter_misc":{"Est. reading time":"1 minute"},"schema":{"@context":"https:\/\/schema.org","@graph":[{"@type":"WebPage","@id":"https:\/\/sturometal.com\/en\/403-2\/certifications-and-quality-control\/","url":"https:\/\/sturometal.com\/en\/403-2\/certifications-and-quality-control\/","name":"Certifications and Quality Control - Sturo M\u00e9tal - con\u00e7oit, fabrique et installe des structures d&#039;acier de b\u00e2timents et des structures d&#039;acier lourdes","isPartOf":{"@id":"https:\/\/sturometal.com\/#website"},"primaryImageOfPage":{"@id":"https:\/\/sturometal.com\/en\/403-2\/certifications-and-quality-control\/#primaryimage"},"image":{"@id":"https:\/\/sturometal.com\/en\/403-2\/certifications-and-quality-control\/#primaryimage"},"thumbnailUrl":"https:\/\/sturometal.com\/wp-content\/uploads\/2012\/08\/iStock_000015624575Small-e1346963881691.jpg","datePublished":"2012-08-15T20:19:07+00:00","dateModified":"2012-10-26T18:21:47+00:00","breadcrumb":{"@id":"https:\/\/sturometal.com\/en\/403-2\/certifications-and-quality-control\/#breadcrumb"},"inLanguage":"en-US","potentialAction":[{"@type":"ReadAction","target":["https:\/\/sturometal.com\/en\/403-2\/certifications-and-quality-control\/"]}]},{"@type":"ImageObject","inLanguage":"en-US","@id":"https:\/\/sturometal.com\/en\/403-2\/certifications-and-quality-control\/#primaryimage","url":"https:\/\/sturometal.com\/wp-content\/uploads\/2012\/08\/iStock_000015624575Small-e1346963881691.jpg","contentUrl":"https:\/\/sturometal.com\/wp-content\/uploads\/2012\/08\/iStock_000015624575Small-e1346963881691.jpg","width":"849","height":"373"},{"@type":"BreadcrumbList","@id":"https:\/\/sturometal.com\/en\/403-2\/certifications-and-quality-control\/#breadcrumb","itemListElement":[{"@type":"ListItem","position":1,"name":"Home","item":"https:\/\/sturometal.com\/en\/"},{"@type":"ListItem","position":2,"name":"About us","item":"https:\/\/sturometal.com\/en\/403-2\/"},{"@type":"ListItem","position":3,"name":"Certifications and Quality Control"}]},{"@type":"WebSite","@id":"https:\/\/sturometal.com\/#website","url":"https:\/\/sturometal.com\/","name":"Sturo M\u00e9tal - con\u00e7oit, fabrique et installe des structures d&#039;acier de b\u00e2timents et des structures d&#039;acier lourdes","description":"","potentialAction":[{"@type":"SearchAction","target":{"@type":"EntryPoint","urlTemplate":"https:\/\/sturometal.com\/?s={search_term_string}"},"query-input":{"@type":"PropertyValueSpecification","valueRequired":true,"valueName":"search_term_string"}}],"inLanguage":"en-US"}]}},"_links":{"self":[{"href":"https:\/\/sturometal.com\/en\/wp-json\/wp\/v2\/pages\/413","targetHints":{"allow":["GET"]}}],"collection":[{"href":"https:\/\/sturometal.com\/en\/wp-json\/wp\/v2\/pages"}],"about":[{"href":"https:\/\/sturometal.com\/en\/wp-json\/wp\/v2\/types\/page"}],"author":[{"embeddable":true,"href":"https:\/\/sturometal.com\/en\/wp-json\/wp\/v2\/users\/17"}],"replies":[{"embeddable":true,"href":"https:\/\/sturometal.com\/en\/wp-json\/wp\/v2\/comments?post=413"}],"version-history":[{"count":7,"href":"https:\/\/sturometal.com\/en\/wp-json\/wp\/v2\/pages\/413\/revisions"}],"predecessor-version":[{"id":516,"href":"https:\/\/sturometal.com\/en\/wp-json\/wp\/v2\/pages\/413\/revisions\/516"}],"up":[{"embeddable":true,"href":"https:\/\/sturometal.com\/en\/wp-json\/wp\/v2\/pages\/403"}],"wp:featuredmedia":[{"embeddable":true,"href":"https:\/\/sturometal.com\/en\/wp-json\/wp\/v2\/media\/544"}],"wp:attachment":[{"href":"https:\/\/sturometal.com\/en\/wp-json\/wp\/v2\/media?parent=413"}],"curies":[{"name":"wp","href":"https:\/\/api.w.org\/{rel}","templated":true}]}}