{"id":410,"date":"2012-08-15T20:17:38","date_gmt":"2012-08-15T20:17:38","guid":{"rendered":"http:\/\/174.142.46.199\/~sturomet\/?page_id=410"},"modified":"2017-10-13T19:27:18","modified_gmt":"2017-10-13T19:27:18","slug":"manufacturing-plant-and-equipments","status":"publish","type":"page","link":"https:\/\/sturometal.com\/en\/403-2\/manufacturing-plant-and-equipments\/","title":{"rendered":"Manufacturing Plant and Equipments"},"content":{"rendered":"<h3>An order book yearly increasing confirms that Sturo Metal manufacturing capacity has never ceased to grow.<\/h3>\n<p>The last five years have marked a turning point for Sturo Metal.\u00a0 The company now offers a production capacity of 9\u00a0000 tons of steel transformed annually.<\/p>\n<p>Driven forward by this growth, Sturo Metal has doubled its production surface and modernized its factory to sustain the constant increase in its production.\u00a0 These improvements allows for larger inventory, for quicker organization of the manufacturing process, and for great precision when manufacturing products.<\/p>\n<p>These improvements includes, among others, the addition of a new lifting and hoisting equipments, the acquisition of a high tech drill line, an Angleline as well as a plasma cutting table.<\/p>\n<p>These equipments were added to a wide variety of heavy duty presses and cutting equipments necessary to the production of specific components, such as a submerged arc welder. Many lifting equipments allow us to manipulate the heaviest pieces, up to 20 tons, from their start-up to the loading for shipment.<\/p>\n<p>Sturo Metal has also revamped the image of its establishment by constructing new and more functional offices.<\/p>\n<p>&nbsp;<\/p>\n","protected":false},"excerpt":{"rendered":"<p>An order book yearly increasing confirms that Sturo Metal manufacturing capacity has never ceased to grow. The last five years have marked a turning point for Sturo Metal.\u00a0 The company now offers a production capacity of 9\u00a0000 tons of steel transformed annually. Driven forward by this growth, Sturo Metal has doubled its production surface and [&hellip;]<\/p>\n","protected":false},"author":17,"featured_media":545,"parent":403,"menu_order":2,"comment_status":"open","ping_status":"open","template":"","meta":{"_acf_changed":false,"footnotes":""},"class_list":["post-410","page","type-page","status-publish","has-post-thumbnail","hentry"],"acf":[],"yoast_head":"<!-- This site is optimized with the Yoast SEO plugin v27.2 - https:\/\/yoast.com\/product\/yoast-seo-wordpress\/ -->\n<title>Manufacturing Plant and Equipments - Sturo M\u00e9tal - con\u00e7oit, fabrique et installe des structures d&#039;acier de b\u00e2timents et des structures d&#039;acier lourdes<\/title>\n<meta name=\"robots\" content=\"index, follow, max-snippet:-1, max-image-preview:large, max-video-preview:-1\" \/>\n<link rel=\"canonical\" href=\"https:\/\/sturometal.com\/en\/403-2\/manufacturing-plant-and-equipments\/\" \/>\n<meta property=\"og:locale\" content=\"en_US\" \/>\n<meta property=\"og:type\" content=\"article\" \/>\n<meta property=\"og:title\" content=\"Manufacturing Plant and Equipments - Sturo M\u00e9tal - con\u00e7oit, fabrique et installe des structures d&#039;acier de b\u00e2timents et des structures d&#039;acier lourdes\" \/>\n<meta property=\"og:description\" content=\"An order book yearly increasing confirms that Sturo Metal manufacturing capacity has never ceased to grow. The last five years have marked a turning point for Sturo Metal.\u00a0 The company now offers a production capacity of 9\u00a0000 tons of steel transformed annually. Driven forward by this growth, Sturo Metal has doubled its production surface and [&hellip;]\" \/>\n<meta property=\"og:url\" content=\"https:\/\/sturometal.com\/en\/403-2\/manufacturing-plant-and-equipments\/\" \/>\n<meta property=\"og:site_name\" content=\"Sturo M\u00e9tal - con\u00e7oit, fabrique et installe des structures d&#039;acier de b\u00e2timents et des structures d&#039;acier lourdes\" \/>\n<meta property=\"article:modified_time\" content=\"2017-10-13T19:27:18+00:00\" \/>\n<meta property=\"og:image\" content=\"https:\/\/sturometal.com\/wp-content\/uploads\/2012\/05\/expochamps_9_128-e1346964156383.jpg\" \/>\n\t<meta property=\"og:image:width\" content=\"3887\" \/>\n\t<meta property=\"og:image:height\" content=\"1428\" \/>\n\t<meta property=\"og:image:type\" content=\"image\/jpeg\" \/>\n<meta name=\"twitter:label1\" content=\"Est. reading time\" \/>\n\t<meta name=\"twitter:data1\" content=\"1 minute\" \/>\n<script type=\"application\/ld+json\" class=\"yoast-schema-graph\">{\"@context\":\"https:\/\/schema.org\",\"@graph\":[{\"@type\":\"WebPage\",\"@id\":\"https:\/\/sturometal.com\/en\/403-2\/manufacturing-plant-and-equipments\/\",\"url\":\"https:\/\/sturometal.com\/en\/403-2\/manufacturing-plant-and-equipments\/\",\"name\":\"Manufacturing Plant and Equipments - Sturo M\u00e9tal - con\u00e7oit, fabrique et installe des structures d&#039;acier de b\u00e2timents et des structures d&#039;acier lourdes\",\"isPartOf\":{\"@id\":\"https:\/\/sturometal.com\/#website\"},\"primaryImageOfPage\":{\"@id\":\"https:\/\/sturometal.com\/en\/403-2\/manufacturing-plant-and-equipments\/#primaryimage\"},\"image\":{\"@id\":\"https:\/\/sturometal.com\/en\/403-2\/manufacturing-plant-and-equipments\/#primaryimage\"},\"thumbnailUrl\":\"https:\/\/sturometal.com\/wp-content\/uploads\/2012\/05\/expochamps_9_128-e1346964156383.jpg\",\"datePublished\":\"2012-08-15T20:17:38+00:00\",\"dateModified\":\"2017-10-13T19:27:18+00:00\",\"breadcrumb\":{\"@id\":\"https:\/\/sturometal.com\/en\/403-2\/manufacturing-plant-and-equipments\/#breadcrumb\"},\"inLanguage\":\"en-US\",\"potentialAction\":[{\"@type\":\"ReadAction\",\"target\":[\"https:\/\/sturometal.com\/en\/403-2\/manufacturing-plant-and-equipments\/\"]}]},{\"@type\":\"ImageObject\",\"inLanguage\":\"en-US\",\"@id\":\"https:\/\/sturometal.com\/en\/403-2\/manufacturing-plant-and-equipments\/#primaryimage\",\"url\":\"https:\/\/sturometal.com\/wp-content\/uploads\/2012\/05\/expochamps_9_128-e1346964156383.jpg\",\"contentUrl\":\"https:\/\/sturometal.com\/wp-content\/uploads\/2012\/05\/expochamps_9_128-e1346964156383.jpg\",\"width\":\"3887\",\"height\":\"1428\"},{\"@type\":\"BreadcrumbList\",\"@id\":\"https:\/\/sturometal.com\/en\/403-2\/manufacturing-plant-and-equipments\/#breadcrumb\",\"itemListElement\":[{\"@type\":\"ListItem\",\"position\":1,\"name\":\"Home\",\"item\":\"https:\/\/sturometal.com\/en\/\"},{\"@type\":\"ListItem\",\"position\":2,\"name\":\"About us\",\"item\":\"https:\/\/sturometal.com\/en\/403-2\/\"},{\"@type\":\"ListItem\",\"position\":3,\"name\":\"Manufacturing Plant and Equipments\"}]},{\"@type\":\"WebSite\",\"@id\":\"https:\/\/sturometal.com\/#website\",\"url\":\"https:\/\/sturometal.com\/\",\"name\":\"Sturo M\u00e9tal - con\u00e7oit, fabrique et installe des structures d&#039;acier de b\u00e2timents et des structures d&#039;acier lourdes\",\"description\":\"\",\"potentialAction\":[{\"@type\":\"SearchAction\",\"target\":{\"@type\":\"EntryPoint\",\"urlTemplate\":\"https:\/\/sturometal.com\/?s={search_term_string}\"},\"query-input\":{\"@type\":\"PropertyValueSpecification\",\"valueRequired\":true,\"valueName\":\"search_term_string\"}}],\"inLanguage\":\"en-US\"}]}<\/script>\n<!-- \/ Yoast SEO plugin. -->","yoast_head_json":{"title":"Manufacturing Plant and Equipments - Sturo M\u00e9tal - con\u00e7oit, fabrique et installe des structures d&#039;acier de b\u00e2timents et des structures d&#039;acier lourdes","robots":{"index":"index","follow":"follow","max-snippet":"max-snippet:-1","max-image-preview":"max-image-preview:large","max-video-preview":"max-video-preview:-1"},"canonical":"https:\/\/sturometal.com\/en\/403-2\/manufacturing-plant-and-equipments\/","og_locale":"en_US","og_type":"article","og_title":"Manufacturing Plant and Equipments - Sturo M\u00e9tal - con\u00e7oit, fabrique et installe des structures d&#039;acier de b\u00e2timents et des structures d&#039;acier lourdes","og_description":"An order book yearly increasing confirms that Sturo Metal manufacturing capacity has never ceased to grow. The last five years have marked a turning point for Sturo Metal.\u00a0 The company now offers a production capacity of 9\u00a0000 tons of steel transformed annually. Driven forward by this growth, Sturo Metal has doubled its production surface and [&hellip;]","og_url":"https:\/\/sturometal.com\/en\/403-2\/manufacturing-plant-and-equipments\/","og_site_name":"Sturo M\u00e9tal - con\u00e7oit, fabrique et installe des structures d&#039;acier de b\u00e2timents et des structures d&#039;acier lourdes","article_modified_time":"2017-10-13T19:27:18+00:00","og_image":[{"width":3887,"height":1428,"url":"https:\/\/sturometal.com\/wp-content\/uploads\/2012\/05\/expochamps_9_128-e1346964156383.jpg","type":"image\/jpeg"}],"twitter_misc":{"Est. reading time":"1 minute"},"schema":{"@context":"https:\/\/schema.org","@graph":[{"@type":"WebPage","@id":"https:\/\/sturometal.com\/en\/403-2\/manufacturing-plant-and-equipments\/","url":"https:\/\/sturometal.com\/en\/403-2\/manufacturing-plant-and-equipments\/","name":"Manufacturing Plant and Equipments - Sturo M\u00e9tal - con\u00e7oit, fabrique et installe des structures d&#039;acier de b\u00e2timents et des structures d&#039;acier lourdes","isPartOf":{"@id":"https:\/\/sturometal.com\/#website"},"primaryImageOfPage":{"@id":"https:\/\/sturometal.com\/en\/403-2\/manufacturing-plant-and-equipments\/#primaryimage"},"image":{"@id":"https:\/\/sturometal.com\/en\/403-2\/manufacturing-plant-and-equipments\/#primaryimage"},"thumbnailUrl":"https:\/\/sturometal.com\/wp-content\/uploads\/2012\/05\/expochamps_9_128-e1346964156383.jpg","datePublished":"2012-08-15T20:17:38+00:00","dateModified":"2017-10-13T19:27:18+00:00","breadcrumb":{"@id":"https:\/\/sturometal.com\/en\/403-2\/manufacturing-plant-and-equipments\/#breadcrumb"},"inLanguage":"en-US","potentialAction":[{"@type":"ReadAction","target":["https:\/\/sturometal.com\/en\/403-2\/manufacturing-plant-and-equipments\/"]}]},{"@type":"ImageObject","inLanguage":"en-US","@id":"https:\/\/sturometal.com\/en\/403-2\/manufacturing-plant-and-equipments\/#primaryimage","url":"https:\/\/sturometal.com\/wp-content\/uploads\/2012\/05\/expochamps_9_128-e1346964156383.jpg","contentUrl":"https:\/\/sturometal.com\/wp-content\/uploads\/2012\/05\/expochamps_9_128-e1346964156383.jpg","width":"3887","height":"1428"},{"@type":"BreadcrumbList","@id":"https:\/\/sturometal.com\/en\/403-2\/manufacturing-plant-and-equipments\/#breadcrumb","itemListElement":[{"@type":"ListItem","position":1,"name":"Home","item":"https:\/\/sturometal.com\/en\/"},{"@type":"ListItem","position":2,"name":"About us","item":"https:\/\/sturometal.com\/en\/403-2\/"},{"@type":"ListItem","position":3,"name":"Manufacturing Plant and Equipments"}]},{"@type":"WebSite","@id":"https:\/\/sturometal.com\/#website","url":"https:\/\/sturometal.com\/","name":"Sturo M\u00e9tal - con\u00e7oit, fabrique et installe des structures d&#039;acier de b\u00e2timents et des structures d&#039;acier lourdes","description":"","potentialAction":[{"@type":"SearchAction","target":{"@type":"EntryPoint","urlTemplate":"https:\/\/sturometal.com\/?s={search_term_string}"},"query-input":{"@type":"PropertyValueSpecification","valueRequired":true,"valueName":"search_term_string"}}],"inLanguage":"en-US"}]}},"_links":{"self":[{"href":"https:\/\/sturometal.com\/en\/wp-json\/wp\/v2\/pages\/410","targetHints":{"allow":["GET"]}}],"collection":[{"href":"https:\/\/sturometal.com\/en\/wp-json\/wp\/v2\/pages"}],"about":[{"href":"https:\/\/sturometal.com\/en\/wp-json\/wp\/v2\/types\/page"}],"author":[{"embeddable":true,"href":"https:\/\/sturometal.com\/en\/wp-json\/wp\/v2\/users\/17"}],"replies":[{"embeddable":true,"href":"https:\/\/sturometal.com\/en\/wp-json\/wp\/v2\/comments?post=410"}],"version-history":[{"count":5,"href":"https:\/\/sturometal.com\/en\/wp-json\/wp\/v2\/pages\/410\/revisions"}],"predecessor-version":[{"id":618,"href":"https:\/\/sturometal.com\/en\/wp-json\/wp\/v2\/pages\/410\/revisions\/618"}],"up":[{"embeddable":true,"href":"https:\/\/sturometal.com\/en\/wp-json\/wp\/v2\/pages\/403"}],"wp:featuredmedia":[{"embeddable":true,"href":"https:\/\/sturometal.com\/en\/wp-json\/wp\/v2\/media\/545"}],"wp:attachment":[{"href":"https:\/\/sturometal.com\/en\/wp-json\/wp\/v2\/media?parent=410"}],"curies":[{"name":"wp","href":"https:\/\/api.w.org\/{rel}","templated":true}]}}