{"id":408,"date":"2012-08-15T20:16:25","date_gmt":"2012-08-15T20:16:25","guid":{"rendered":"http:\/\/174.142.46.199\/~sturomet\/?page_id=408"},"modified":"2012-10-26T18:28:32","modified_gmt":"2012-10-26T18:28:32","slug":"know-how-and-good-reputation","status":"publish","type":"page","link":"https:\/\/sturometal.com\/en\/403-2\/know-how-and-good-reputation\/","title":{"rendered":"Know-how and good reputation"},"content":{"rendered":"<h3>In addition to having assembled a multidisciplinary team where each person is highly specialized, work methods based on the complementarity were introduced.<\/h3>\n<p>Estimators, technicians and specialized workers work together within a constantly evolving multidisciplinary team.<\/p>\n<p>Every year, Sturo Metal team skills have been concretely enriched by their experience: continuous improvement is a measurable reality that the company\u2019s customers can benefit from.<\/p>\n<p>&nbsp;<\/p>\n","protected":false},"excerpt":{"rendered":"<p>In addition to having assembled a multidisciplinary team where each person is highly specialized, work methods based on the complementarity were introduced. Estimators, technicians and specialized workers work together within a constantly evolving multidisciplinary team. Every year, Sturo Metal team skills have been concretely enriched by their experience: continuous improvement is a measurable reality that [&hellip;]<\/p>\n","protected":false},"author":17,"featured_media":546,"parent":403,"menu_order":0,"comment_status":"open","ping_status":"open","template":"","meta":{"_acf_changed":false,"footnotes":""},"class_list":["post-408","page","type-page","status-publish","has-post-thumbnail","hentry"],"acf":[],"yoast_head":"<!-- This site is optimized with the Yoast SEO plugin v27.2 - https:\/\/yoast.com\/product\/yoast-seo-wordpress\/ -->\n<title>Know-how and good reputation - Sturo M\u00e9tal - con\u00e7oit, fabrique et installe des structures d&#039;acier de b\u00e2timents et des structures d&#039;acier lourdes<\/title>\n<meta name=\"robots\" content=\"index, follow, max-snippet:-1, max-image-preview:large, max-video-preview:-1\" \/>\n<link rel=\"canonical\" href=\"https:\/\/sturometal.com\/en\/403-2\/know-how-and-good-reputation\/\" \/>\n<meta property=\"og:locale\" content=\"en_US\" \/>\n<meta property=\"og:type\" content=\"article\" \/>\n<meta property=\"og:title\" content=\"Know-how and good reputation - Sturo M\u00e9tal - con\u00e7oit, fabrique et installe des structures d&#039;acier de b\u00e2timents et des structures d&#039;acier lourdes\" \/>\n<meta property=\"og:description\" content=\"In addition to having assembled a multidisciplinary team where each person is highly specialized, work methods based on the complementarity were introduced. Estimators, technicians and specialized workers work together within a constantly evolving multidisciplinary team. Every year, Sturo Metal team skills have been concretely enriched by their experience: continuous improvement is a measurable reality that [&hellip;]\" \/>\n<meta property=\"og:url\" content=\"https:\/\/sturometal.com\/en\/403-2\/know-how-and-good-reputation\/\" \/>\n<meta property=\"og:site_name\" content=\"Sturo M\u00e9tal - con\u00e7oit, fabrique et installe des structures d&#039;acier de b\u00e2timents et des structures d&#039;acier lourdes\" \/>\n<meta property=\"article:modified_time\" content=\"2012-10-26T18:28:32+00:00\" \/>\n<meta property=\"og:image\" content=\"https:\/\/sturometal.com\/wp-content\/uploads\/2012\/08\/expochamps_9_135-e1346964545691.jpg\" \/>\n\t<meta property=\"og:image:width\" content=\"3751\" \/>\n\t<meta property=\"og:image:height\" content=\"1448\" \/>\n\t<meta property=\"og:image:type\" content=\"image\/jpeg\" \/>\n<script type=\"application\/ld+json\" class=\"yoast-schema-graph\">{\"@context\":\"https:\/\/schema.org\",\"@graph\":[{\"@type\":\"WebPage\",\"@id\":\"https:\/\/sturometal.com\/en\/403-2\/know-how-and-good-reputation\/\",\"url\":\"https:\/\/sturometal.com\/en\/403-2\/know-how-and-good-reputation\/\",\"name\":\"Know-how and good reputation - Sturo M\u00e9tal - con\u00e7oit, fabrique et installe des structures d&#039;acier de b\u00e2timents et des structures d&#039;acier lourdes\",\"isPartOf\":{\"@id\":\"https:\/\/sturometal.com\/#website\"},\"primaryImageOfPage\":{\"@id\":\"https:\/\/sturometal.com\/en\/403-2\/know-how-and-good-reputation\/#primaryimage\"},\"image\":{\"@id\":\"https:\/\/sturometal.com\/en\/403-2\/know-how-and-good-reputation\/#primaryimage\"},\"thumbnailUrl\":\"https:\/\/sturometal.com\/wp-content\/uploads\/2012\/08\/expochamps_9_135-e1346964545691.jpg\",\"datePublished\":\"2012-08-15T20:16:25+00:00\",\"dateModified\":\"2012-10-26T18:28:32+00:00\",\"breadcrumb\":{\"@id\":\"https:\/\/sturometal.com\/en\/403-2\/know-how-and-good-reputation\/#breadcrumb\"},\"inLanguage\":\"en-US\",\"potentialAction\":[{\"@type\":\"ReadAction\",\"target\":[\"https:\/\/sturometal.com\/en\/403-2\/know-how-and-good-reputation\/\"]}]},{\"@type\":\"ImageObject\",\"inLanguage\":\"en-US\",\"@id\":\"https:\/\/sturometal.com\/en\/403-2\/know-how-and-good-reputation\/#primaryimage\",\"url\":\"https:\/\/sturometal.com\/wp-content\/uploads\/2012\/08\/expochamps_9_135-e1346964545691.jpg\",\"contentUrl\":\"https:\/\/sturometal.com\/wp-content\/uploads\/2012\/08\/expochamps_9_135-e1346964545691.jpg\",\"width\":\"3751\",\"height\":\"1448\"},{\"@type\":\"BreadcrumbList\",\"@id\":\"https:\/\/sturometal.com\/en\/403-2\/know-how-and-good-reputation\/#breadcrumb\",\"itemListElement\":[{\"@type\":\"ListItem\",\"position\":1,\"name\":\"Home\",\"item\":\"https:\/\/sturometal.com\/en\/\"},{\"@type\":\"ListItem\",\"position\":2,\"name\":\"About us\",\"item\":\"https:\/\/sturometal.com\/en\/403-2\/\"},{\"@type\":\"ListItem\",\"position\":3,\"name\":\"Know-how and good reputation\"}]},{\"@type\":\"WebSite\",\"@id\":\"https:\/\/sturometal.com\/#website\",\"url\":\"https:\/\/sturometal.com\/\",\"name\":\"Sturo M\u00e9tal - con\u00e7oit, fabrique et installe des structures d&#039;acier de b\u00e2timents et des structures d&#039;acier lourdes\",\"description\":\"\",\"potentialAction\":[{\"@type\":\"SearchAction\",\"target\":{\"@type\":\"EntryPoint\",\"urlTemplate\":\"https:\/\/sturometal.com\/?s={search_term_string}\"},\"query-input\":{\"@type\":\"PropertyValueSpecification\",\"valueRequired\":true,\"valueName\":\"search_term_string\"}}],\"inLanguage\":\"en-US\"}]}<\/script>\n<!-- \/ Yoast SEO plugin. -->","yoast_head_json":{"title":"Know-how and good reputation - Sturo M\u00e9tal - con\u00e7oit, fabrique et installe des structures d&#039;acier de b\u00e2timents et des structures d&#039;acier lourdes","robots":{"index":"index","follow":"follow","max-snippet":"max-snippet:-1","max-image-preview":"max-image-preview:large","max-video-preview":"max-video-preview:-1"},"canonical":"https:\/\/sturometal.com\/en\/403-2\/know-how-and-good-reputation\/","og_locale":"en_US","og_type":"article","og_title":"Know-how and good reputation - Sturo M\u00e9tal - con\u00e7oit, fabrique et installe des structures d&#039;acier de b\u00e2timents et des structures d&#039;acier lourdes","og_description":"In addition to having assembled a multidisciplinary team where each person is highly specialized, work methods based on the complementarity were introduced. Estimators, technicians and specialized workers work together within a constantly evolving multidisciplinary team. Every year, Sturo Metal team skills have been concretely enriched by their experience: continuous improvement is a measurable reality that [&hellip;]","og_url":"https:\/\/sturometal.com\/en\/403-2\/know-how-and-good-reputation\/","og_site_name":"Sturo M\u00e9tal - con\u00e7oit, fabrique et installe des structures d&#039;acier de b\u00e2timents et des structures d&#039;acier lourdes","article_modified_time":"2012-10-26T18:28:32+00:00","og_image":[{"width":3751,"height":1448,"url":"https:\/\/sturometal.com\/wp-content\/uploads\/2012\/08\/expochamps_9_135-e1346964545691.jpg","type":"image\/jpeg"}],"schema":{"@context":"https:\/\/schema.org","@graph":[{"@type":"WebPage","@id":"https:\/\/sturometal.com\/en\/403-2\/know-how-and-good-reputation\/","url":"https:\/\/sturometal.com\/en\/403-2\/know-how-and-good-reputation\/","name":"Know-how and good reputation - Sturo M\u00e9tal - con\u00e7oit, fabrique et installe des structures d&#039;acier de b\u00e2timents et des structures d&#039;acier lourdes","isPartOf":{"@id":"https:\/\/sturometal.com\/#website"},"primaryImageOfPage":{"@id":"https:\/\/sturometal.com\/en\/403-2\/know-how-and-good-reputation\/#primaryimage"},"image":{"@id":"https:\/\/sturometal.com\/en\/403-2\/know-how-and-good-reputation\/#primaryimage"},"thumbnailUrl":"https:\/\/sturometal.com\/wp-content\/uploads\/2012\/08\/expochamps_9_135-e1346964545691.jpg","datePublished":"2012-08-15T20:16:25+00:00","dateModified":"2012-10-26T18:28:32+00:00","breadcrumb":{"@id":"https:\/\/sturometal.com\/en\/403-2\/know-how-and-good-reputation\/#breadcrumb"},"inLanguage":"en-US","potentialAction":[{"@type":"ReadAction","target":["https:\/\/sturometal.com\/en\/403-2\/know-how-and-good-reputation\/"]}]},{"@type":"ImageObject","inLanguage":"en-US","@id":"https:\/\/sturometal.com\/en\/403-2\/know-how-and-good-reputation\/#primaryimage","url":"https:\/\/sturometal.com\/wp-content\/uploads\/2012\/08\/expochamps_9_135-e1346964545691.jpg","contentUrl":"https:\/\/sturometal.com\/wp-content\/uploads\/2012\/08\/expochamps_9_135-e1346964545691.jpg","width":"3751","height":"1448"},{"@type":"BreadcrumbList","@id":"https:\/\/sturometal.com\/en\/403-2\/know-how-and-good-reputation\/#breadcrumb","itemListElement":[{"@type":"ListItem","position":1,"name":"Home","item":"https:\/\/sturometal.com\/en\/"},{"@type":"ListItem","position":2,"name":"About us","item":"https:\/\/sturometal.com\/en\/403-2\/"},{"@type":"ListItem","position":3,"name":"Know-how and good reputation"}]},{"@type":"WebSite","@id":"https:\/\/sturometal.com\/#website","url":"https:\/\/sturometal.com\/","name":"Sturo M\u00e9tal - con\u00e7oit, fabrique et installe des structures d&#039;acier de b\u00e2timents et des structures d&#039;acier lourdes","description":"","potentialAction":[{"@type":"SearchAction","target":{"@type":"EntryPoint","urlTemplate":"https:\/\/sturometal.com\/?s={search_term_string}"},"query-input":{"@type":"PropertyValueSpecification","valueRequired":true,"valueName":"search_term_string"}}],"inLanguage":"en-US"}]}},"_links":{"self":[{"href":"https:\/\/sturometal.com\/en\/wp-json\/wp\/v2\/pages\/408","targetHints":{"allow":["GET"]}}],"collection":[{"href":"https:\/\/sturometal.com\/en\/wp-json\/wp\/v2\/pages"}],"about":[{"href":"https:\/\/sturometal.com\/en\/wp-json\/wp\/v2\/types\/page"}],"author":[{"embeddable":true,"href":"https:\/\/sturometal.com\/en\/wp-json\/wp\/v2\/users\/17"}],"replies":[{"embeddable":true,"href":"https:\/\/sturometal.com\/en\/wp-json\/wp\/v2\/comments?post=408"}],"version-history":[{"count":5,"href":"https:\/\/sturometal.com\/en\/wp-json\/wp\/v2\/pages\/408\/revisions"}],"predecessor-version":[{"id":528,"href":"https:\/\/sturometal.com\/en\/wp-json\/wp\/v2\/pages\/408\/revisions\/528"}],"up":[{"embeddable":true,"href":"https:\/\/sturometal.com\/en\/wp-json\/wp\/v2\/pages\/403"}],"wp:featuredmedia":[{"embeddable":true,"href":"https:\/\/sturometal.com\/en\/wp-json\/wp\/v2\/media\/546"}],"wp:attachment":[{"href":"https:\/\/sturometal.com\/en\/wp-json\/wp\/v2\/media?parent=408"}],"curies":[{"name":"wp","href":"https:\/\/api.w.org\/{rel}","templated":true}]}}