{"id":18,"date":"2012-05-01T17:27:50","date_gmt":"2012-05-01T17:27:50","guid":{"rendered":"http:\/\/174.142.46.199\/~sturomet\/?page_id=18"},"modified":"2023-02-02T13:44:25","modified_gmt":"2023-02-02T13:44:25","slug":"home","status":"publish","type":"page","link":"https:\/\/sturometal.com\/en\/","title":{"rendered":"Home"},"content":{"rendered":"<h2>50 years of versatility and audacity<\/h2>\n<p>Founded in 1972, Sturo Metal has become an expert in the fabrication and in the installation of steel-framed structures and structural steel components, as well as heavy fabricated metals.\u00a0Sturo Metal specializes in the manufacturing of steel structures for commercial, industrial, institutional or mining purpose.<\/p>\n<p>Sturo Metal expertise covers either conventional construction projects or more complex and bold architectural concept.<\/p>\n<p>Over the years, Sturo Metal has gained a reputation for being able to respect and to perform with great precision, the technical specifications of each request.\u00a0 The excellent coordination, that demonstrates Sturo Metal team in all stages of production and manufacturing, allows for delivering to the site the produced materials in a timely manner.<\/p>\n<p>The company is well established in Canada, and serves the United States, mainly the region of New England. The constant growth of the company shows the ability to fabricate quality materials and to deliver its products on time to the site. Sturo Metal is among the companies that deliver more than just steel, and this, within the prescribed timetable. In a world where cost-efficiency is highly linked to sound project management, our presence is a value added feature.<\/p>\n<p>&nbsp;<\/p>\n","protected":false},"excerpt":{"rendered":"<p>50 years of versatility and audacity Founded in 1972, Sturo Metal has become an expert in the fabrication and in the installation of steel-framed structures and structural steel components, as well as heavy fabricated metals.\u00a0Sturo Metal specializes in the manufacturing of steel structures for commercial, industrial, institutional or mining purpose. Sturo Metal expertise covers either [&hellip;]<\/p>\n","protected":false},"author":17,"featured_media":0,"parent":0,"menu_order":0,"comment_status":"closed","ping_status":"closed","template":"page-home.php","meta":{"_acf_changed":false,"footnotes":""},"class_list":["post-18","page","type-page","status-publish","hentry"],"acf":[],"yoast_head":"<!-- This site is optimized with the Yoast SEO plugin v27.2 - https:\/\/yoast.com\/product\/yoast-seo-wordpress\/ -->\n<title>Home - Sturo M\u00e9tal - con\u00e7oit, fabrique et installe des structures d&#039;acier de b\u00e2timents et des structures d&#039;acier lourdes<\/title>\n<meta name=\"robots\" content=\"index, follow, max-snippet:-1, max-image-preview:large, max-video-preview:-1\" \/>\n<link rel=\"canonical\" href=\"https:\/\/sturometal.com\/en\/\" \/>\n<meta property=\"og:locale\" content=\"en_US\" \/>\n<meta property=\"og:type\" content=\"article\" \/>\n<meta property=\"og:title\" content=\"Home - Sturo M\u00e9tal - con\u00e7oit, fabrique et installe des structures d&#039;acier de b\u00e2timents et des structures d&#039;acier lourdes\" \/>\n<meta property=\"og:description\" content=\"50 years of versatility and audacity Founded in 1972, Sturo Metal has become an expert in the fabrication and in the installation of steel-framed structures and structural steel components, as well as heavy fabricated metals.\u00a0Sturo Metal specializes in the manufacturing of steel structures for commercial, industrial, institutional or mining purpose. Sturo Metal expertise covers either [&hellip;]\" \/>\n<meta property=\"og:url\" content=\"https:\/\/sturometal.com\/en\/\" \/>\n<meta property=\"og:site_name\" content=\"Sturo M\u00e9tal - con\u00e7oit, fabrique et installe des structures d&#039;acier de b\u00e2timents et des structures d&#039;acier lourdes\" \/>\n<meta property=\"article:modified_time\" content=\"2023-02-02T13:44:25+00:00\" \/>\n<meta name=\"twitter:label1\" content=\"Est. reading time\" \/>\n\t<meta name=\"twitter:data1\" content=\"2 minutes\" \/>\n<script type=\"application\/ld+json\" class=\"yoast-schema-graph\">{\"@context\":\"https:\/\/schema.org\",\"@graph\":[{\"@type\":\"WebPage\",\"@id\":\"https:\/\/sturometal.com\/en\/\",\"url\":\"https:\/\/sturometal.com\/en\/\",\"name\":\"Home - Sturo M\u00e9tal - con\u00e7oit, fabrique et installe des structures d&#039;acier de b\u00e2timents et des structures d&#039;acier lourdes\",\"isPartOf\":{\"@id\":\"https:\/\/sturometal.com\/#website\"},\"datePublished\":\"2012-05-01T17:27:50+00:00\",\"dateModified\":\"2023-02-02T13:44:25+00:00\",\"breadcrumb\":{\"@id\":\"https:\/\/sturometal.com\/en\/#breadcrumb\"},\"inLanguage\":\"en-US\",\"potentialAction\":[{\"@type\":\"ReadAction\",\"target\":[\"https:\/\/sturometal.com\/en\/\"]}]},{\"@type\":\"BreadcrumbList\",\"@id\":\"https:\/\/sturometal.com\/en\/#breadcrumb\",\"itemListElement\":[{\"@type\":\"ListItem\",\"position\":1,\"name\":\"Home\",\"item\":\"https:\/\/sturometal.com\/en\/\"},{\"@type\":\"ListItem\",\"position\":2,\"name\":\"Home\"}]},{\"@type\":\"WebSite\",\"@id\":\"https:\/\/sturometal.com\/#website\",\"url\":\"https:\/\/sturometal.com\/\",\"name\":\"Sturo M\u00e9tal - con\u00e7oit, fabrique et installe des structures d&#039;acier de b\u00e2timents et des structures d&#039;acier lourdes\",\"description\":\"\",\"potentialAction\":[{\"@type\":\"SearchAction\",\"target\":{\"@type\":\"EntryPoint\",\"urlTemplate\":\"https:\/\/sturometal.com\/?s={search_term_string}\"},\"query-input\":{\"@type\":\"PropertyValueSpecification\",\"valueRequired\":true,\"valueName\":\"search_term_string\"}}],\"inLanguage\":\"en-US\"}]}<\/script>\n<!-- \/ Yoast SEO plugin. -->","yoast_head_json":{"title":"Home - Sturo M\u00e9tal - con\u00e7oit, fabrique et installe des structures d&#039;acier de b\u00e2timents et des structures d&#039;acier lourdes","robots":{"index":"index","follow":"follow","max-snippet":"max-snippet:-1","max-image-preview":"max-image-preview:large","max-video-preview":"max-video-preview:-1"},"canonical":"https:\/\/sturometal.com\/en\/","og_locale":"en_US","og_type":"article","og_title":"Home - Sturo M\u00e9tal - con\u00e7oit, fabrique et installe des structures d&#039;acier de b\u00e2timents et des structures d&#039;acier lourdes","og_description":"50 years of versatility and audacity Founded in 1972, Sturo Metal has become an expert in the fabrication and in the installation of steel-framed structures and structural steel components, as well as heavy fabricated metals.\u00a0Sturo Metal specializes in the manufacturing of steel structures for commercial, industrial, institutional or mining purpose. Sturo Metal expertise covers either [&hellip;]","og_url":"https:\/\/sturometal.com\/en\/","og_site_name":"Sturo M\u00e9tal - con\u00e7oit, fabrique et installe des structures d&#039;acier de b\u00e2timents et des structures d&#039;acier lourdes","article_modified_time":"2023-02-02T13:44:25+00:00","twitter_misc":{"Est. reading time":"2 minutes"},"schema":{"@context":"https:\/\/schema.org","@graph":[{"@type":"WebPage","@id":"https:\/\/sturometal.com\/en\/","url":"https:\/\/sturometal.com\/en\/","name":"Home - Sturo M\u00e9tal - con\u00e7oit, fabrique et installe des structures d&#039;acier de b\u00e2timents et des structures d&#039;acier lourdes","isPartOf":{"@id":"https:\/\/sturometal.com\/#website"},"datePublished":"2012-05-01T17:27:50+00:00","dateModified":"2023-02-02T13:44:25+00:00","breadcrumb":{"@id":"https:\/\/sturometal.com\/en\/#breadcrumb"},"inLanguage":"en-US","potentialAction":[{"@type":"ReadAction","target":["https:\/\/sturometal.com\/en\/"]}]},{"@type":"BreadcrumbList","@id":"https:\/\/sturometal.com\/en\/#breadcrumb","itemListElement":[{"@type":"ListItem","position":1,"name":"Home","item":"https:\/\/sturometal.com\/en\/"},{"@type":"ListItem","position":2,"name":"Home"}]},{"@type":"WebSite","@id":"https:\/\/sturometal.com\/#website","url":"https:\/\/sturometal.com\/","name":"Sturo M\u00e9tal - con\u00e7oit, fabrique et installe des structures d&#039;acier de b\u00e2timents et des structures d&#039;acier lourdes","description":"","potentialAction":[{"@type":"SearchAction","target":{"@type":"EntryPoint","urlTemplate":"https:\/\/sturometal.com\/?s={search_term_string}"},"query-input":{"@type":"PropertyValueSpecification","valueRequired":true,"valueName":"search_term_string"}}],"inLanguage":"en-US"}]}},"_links":{"self":[{"href":"https:\/\/sturometal.com\/en\/wp-json\/wp\/v2\/pages\/18","targetHints":{"allow":["GET"]}}],"collection":[{"href":"https:\/\/sturometal.com\/en\/wp-json\/wp\/v2\/pages"}],"about":[{"href":"https:\/\/sturometal.com\/en\/wp-json\/wp\/v2\/types\/page"}],"author":[{"embeddable":true,"href":"https:\/\/sturometal.com\/en\/wp-json\/wp\/v2\/users\/17"}],"replies":[{"embeddable":true,"href":"https:\/\/sturometal.com\/en\/wp-json\/wp\/v2\/comments?post=18"}],"version-history":[{"count":18,"href":"https:\/\/sturometal.com\/en\/wp-json\/wp\/v2\/pages\/18\/revisions"}],"predecessor-version":[{"id":1284,"href":"https:\/\/sturometal.com\/en\/wp-json\/wp\/v2\/pages\/18\/revisions\/1284"}],"wp:attachment":[{"href":"https:\/\/sturometal.com\/en\/wp-json\/wp\/v2\/media?parent=18"}],"curies":[{"name":"wp","href":"https:\/\/api.w.org\/{rel}","templated":true}]}}